{"id":62,"date":"2013-04-19T01:29:57","date_gmt":"2013-04-19T04:29:57","guid":{"rendered":"http:\/\/theriault-hachey.mightyhost.ca\/?page_id=62"},"modified":"2022-05-03T12:00:49","modified_gmt":"2022-05-03T15:00:49","slug":"accueil","status":"publish","type":"page","link":"https:\/\/thpeat.com\/fr\/","title":{"rendered":"Accueil"},"content":{"rendered":"\n\n\t\t\t<img decoding=\"async\" loading='false' src=\"http:\/\/thpeat.com\/wp-content\/uploads\/2019\/09\/slide2.jpg\" alt=\"\" \/>\t\t\t\n\t\t\t<img decoding=\"async\" loading='false' src=\"http:\/\/thpeat.com\/wp-content\/uploads\/2019\/09\/slide1.jpg\" alt=\"\" \/>\t\t\t\n\t\t\t<img decoding=\"async\" loading='false' src=\"http:\/\/thpeat.com\/wp-content\/uploads\/2019\/09\/slide3.jpg\" alt=\"\" \/>\t\t\t\n\t\t\t<img decoding=\"async\" loading='false' src=\"http:\/\/thpeat.com\/wp-content\/uploads\/2019\/09\/slide4.jpg\" alt=\"\" \/>\t\t\t\n<h1>\n\t\tTheriault &#038; Hachey Peat Moss Ltd.\n\t<\/h1>\n\t<strong>Tourbe de mousse de premi\u00e8re qualit\u00e9 pour votre entreprise d&rsquo;horticulture<\/strong><br \/>\nDepuis plus de 40 ans, Theriault &amp; Hachey Peat Moss Limited est le fournisseur de choix de l&rsquo;industrie de l&rsquo;horticulture et de la culture de champignons, offrant \u00e0 sa client\u00e8le des produits de la meilleure qualit\u00e9 de m\u00eame qu&rsquo;un service et un soutien \u00e0 la client\u00e8le exceptionnels. Nous ne sommes pas une grande soci\u00e9t\u00e9 sans visage. Nous travaillons directement avec vous afin de r\u00e9pondre \u00e0 tous vos besoins.\n<strong>M\u00e9langes de tourbe de mousse sur mesure pour la culture de plantes vigoureuses<\/strong><br \/>\nEn plus de produire des m\u00e9langes de culture standard \u00e0 base de tourbe de premi\u00e8re qualit\u00e9, T &amp; H fabrique \u00e9galement des substrats m\u00e9lang\u00e9s sur mesure. Notre cha\u00eene de m\u00e9lange de pointe vous fournira des m\u00e9langes de culture sans \u00e9gal pour r\u00e9pondre aux besoins particuliers de culture de vos plantes et r\u00e9coltes de mani\u00e8re \u00e0 r\u00e9duire leur cycle de croissance.\n\t[custom-facebook-feed]\n\t<iframe loading=\"lazy\" title=\"Interview with Jody Williston of Theriault &amp; Hachey Peat Moss -- Baie Sainte-Anne, NB\" width=\"500\" height=\"281\" src=\"https:\/\/www.youtube.com\/embed\/Ym0h50LbJyk?feature=oembed\" frameborder=\"0\" allow=\"accelerometer; autoplay; encrypted-media; gyroscope; picture-in-picture\" allowfullscreen><\/iframe>\n\n","protected":false},"excerpt":{"rendered":"<p>Theriault &#038; Hachey Peat Moss Ltd. Tourbe de mousse de premi\u00e8re qualit\u00e9 pour votre entreprise d&rsquo;horticulture Depuis plus de 40 ans, Theriault &amp; Hachey Peat Moss Limited est le fournisseur de choix de l&rsquo;industrie de l&rsquo;horticulture et de la culture de champignons, offrant \u00e0 sa client\u00e8le des produits de la meilleure qualit\u00e9 de m\u00eame qu&rsquo;un&hellip;<\/p>\n","protected":false},"author":1,"featured_media":0,"parent":0,"menu_order":0,"comment_status":"closed","ping_status":"open","template":"","meta":{"footnotes":""},"class_list":["post-62","page","type-page","status-publish","hentry"],"_links":{"self":[{"href":"https:\/\/thpeat.com\/fr\/wp-json\/wp\/v2\/pages\/62","targetHints":{"allow":["GET"]}}],"collection":[{"href":"https:\/\/thpeat.com\/fr\/wp-json\/wp\/v2\/pages"}],"about":[{"href":"https:\/\/thpeat.com\/fr\/wp-json\/wp\/v2\/types\/page"}],"author":[{"embeddable":true,"href":"https:\/\/thpeat.com\/fr\/wp-json\/wp\/v2\/users\/1"}],"replies":[{"embeddable":true,"href":"https:\/\/thpeat.com\/fr\/wp-json\/wp\/v2\/comments?post=62"}],"version-history":[{"count":5,"href":"https:\/\/thpeat.com\/fr\/wp-json\/wp\/v2\/pages\/62\/revisions"}],"predecessor-version":[{"id":1362,"href":"https:\/\/thpeat.com\/fr\/wp-json\/wp\/v2\/pages\/62\/revisions\/1362"}],"wp:attachment":[{"href":"https:\/\/thpeat.com\/fr\/wp-json\/wp\/v2\/media?parent=62"}],"curies":[{"name":"wp","href":"https:\/\/api.w.org\/{rel}","templated":true}]}}