{"id":426,"date":"2013-05-07T16:10:04","date_gmt":"2013-05-07T19:10:04","guid":{"rendered":"http:\/\/theriault-hachey.mightyhost.ca\/?page_id=426"},"modified":"2024-09-19T09:12:31","modified_gmt":"2024-09-19T12:12:31","slug":"growing-mixes-3","status":"publish","type":"page","link":"https:\/\/thpeat.com\/fr\/growing-mixes-3\/","title":{"rendered":"Moyens de culture"},"content":{"rendered":"\n\n\t<h4><em>Utilisez nos m\u00e9langes de culture\/substrats de culture professionnels et personnalis\u00e9s \u00e0 base de tourbe; fabriqu\u00e9 avec de la tourbe de sphaigne canadienne pour vous faire \u00e9conomiser temps et argent. Nos m\u00e9langes personnalis\u00e9s \u00e0 base de mousse de tourbe sont formul\u00e9s pour une croissance optimale des cultures. Imaginez augmenter vos rendements et augmenter \u00e0 la fois votre productivit\u00e9 et vos r\u00e9sultats. De plus, un cycle de croissance plus court r\u00e9duira vos co\u00fbts en capital et en main-d&rsquo;\u0153uvre, ce qui vous fera gagner du temps et de l&rsquo;argent. Vos cultures m\u00e9ritent des terreaux de qualit\u00e9!<\/em><\/h4>\n\t<meta itemscope itemprop=\"mainEntityOfPage\" itemtype=\"https:\/\/schema.org\/WebPage\" itemid=\"http:\/\/1902\" content=\"P-10 XF (Seedling Mix)\" \/><meta itemprop=\"datePublished\" content=\"2024-09-19\" \/><meta itemprop=\"dateModified\" content=\"2024-09-19\" \/><meta itemprop=\"name\" content=\"Theriault &amp; Hachey Peat Moss Ltd.\"\/><meta itemprop=\"url\" content=\"https:\/\/thpeat.com\/fr\/author\/theriault-hachey-peat-moss-ltd\/\" \/><meta itemprop=\"name\" content=\"Theriault &amp; Hachey Peat Moss Ltd.\" \/><meta itemprop=\"interactionType\" content=\"https:\/\/schema.org\/CommentAction\" \/><meta itemprop=\"userInteractionCount\" content=\"0\" \/>\n\t\t\t\t<a href=\"https:\/\/thpeat.com\/fr\/p-10-xf-seedling-mix\/\" target=\"_self\" itemprop=\"url\" rel=\"noopener\">\n\t\t\t\t<img loading=\"lazy\" decoding=\"async\" src=\"https:\/\/thpeat.com\/wp-content\/uploads\/2013\/05\/custom.png\" alt=\"TH-KB 20\" itemprop=\"image\" data-no-lazy=\"1\" height=\"300\" width=\"223\" title=\"TH-KB 20\" onerror=\"this.style.display='none'\"  \/>\n\t\t\t\t<\/a>\n\t\t\t\t\t\t\t\t\t<h3 itemprop=\"headline\">\n\t\t\t\t\t\t\t\t\t\t\t\t\t<a href=\"https:\/\/thpeat.com\/fr\/p-10-xf-seedling-mix\/\" title=\"P-10 XF (Seedling Mix)\">\n\t\t\t\t\t\t\t\t\t\t\t\t\t\tP-10 XF (Seedling Mix)\t\t\t\t\t\t\t\t\t\t\t\t\t<\/a>\n\t\t\t\t\t\t\t\t\t\t\t<\/h3>\n    <a href=\"https:\/\/thpeat.com\/fr\/p-10-xf-seedling-mix\/\" title=\"P-10 XF (Seedling Mix)\">View Product about P-10 XF (Seedling Mix)<\/a>\n\t<meta itemscope itemprop=\"mainEntityOfPage\" itemtype=\"https:\/\/schema.org\/WebPage\" itemid=\"http:\/\/1888\" content=\"KC-20\" \/><meta itemprop=\"datePublished\" content=\"2024-09-19\" \/><meta itemprop=\"dateModified\" content=\"2024-09-19\" \/><meta itemprop=\"name\" content=\"Theriault &amp; Hachey Peat Moss Ltd.\"\/><meta itemprop=\"url\" content=\"https:\/\/thpeat.com\/fr\/author\/theriault-hachey-peat-moss-ltd\/\" \/><meta itemprop=\"name\" content=\"Theriault &amp; Hachey Peat Moss Ltd.\" \/><meta itemprop=\"interactionType\" content=\"https:\/\/schema.org\/CommentAction\" \/><meta itemprop=\"userInteractionCount\" content=\"0\" \/>\n\t\t\t\t<a href=\"https:\/\/thpeat.com\/fr\/kc-20\/\" target=\"_self\" itemprop=\"url\" rel=\"noopener\">\n\t\t\t\t<img loading=\"lazy\" decoding=\"async\" src=\"https:\/\/thpeat.com\/wp-content\/uploads\/2013\/04\/pdf_icon.png\" alt=\"PDF\" itemprop=\"image\" data-no-lazy=\"1\" height=\"16\" width=\"16\" title=\"PDF\" onerror=\"this.style.display='none'\"  \/>\n\t\t\t\t<\/a>\n\t\t\t\t\t\t\t\t\t<h3 itemprop=\"headline\">\n\t\t\t\t\t\t\t\t\t\t\t\t\t<a href=\"https:\/\/thpeat.com\/fr\/kc-20\/\" title=\"KC-20\">\n\t\t\t\t\t\t\t\t\t\t\t\t\t\tKC-20\t\t\t\t\t\t\t\t\t\t\t\t\t<\/a>\n\t\t\t\t\t\t\t\t\t\t\t<\/h3>\n    <a href=\"https:\/\/thpeat.com\/fr\/kc-20\/\" title=\"KC-20\">View Product about KC-20<\/a>\n\t<meta itemscope itemprop=\"mainEntityOfPage\" itemtype=\"https:\/\/schema.org\/WebPage\" itemid=\"http:\/\/1873\" content=\"P-15 High Porosity Mix\" \/><meta itemprop=\"datePublished\" content=\"2024-09-18\" \/><meta itemprop=\"dateModified\" content=\"2024-09-18\" \/><meta itemprop=\"name\" content=\"Theriault &amp; Hachey Peat Moss Ltd.\"\/><meta itemprop=\"url\" content=\"https:\/\/thpeat.com\/fr\/author\/theriault-hachey-peat-moss-ltd\/\" \/><meta itemprop=\"name\" content=\"Theriault &amp; Hachey Peat Moss Ltd.\" \/><meta itemprop=\"interactionType\" content=\"https:\/\/schema.org\/CommentAction\" \/><meta itemprop=\"userInteractionCount\" content=\"0\" \/>\n\t\t\t\t<a href=\"https:\/\/thpeat.com\/fr\/p-15-high-porosity-mix\/\" target=\"_self\" itemprop=\"url\" rel=\"noopener\">\n\t\t\t\t<img decoding=\"async\" src=\"http:\/\/thpeat.com\/wp-content\/uploads\/2013\/05\/p15-214x300.png\" alt=\"\" itemprop=\"image\" data-no-lazy=\"1\" onerror=\"this.style.display='none'\"  \/>\n\t\t\t\t<\/a>\n\t\t\t\t\t\t\t\t\t<h3 itemprop=\"headline\">\n\t\t\t\t\t\t\t\t\t\t\t\t\t<a href=\"https:\/\/thpeat.com\/fr\/p-15-high-porosity-mix\/\" title=\"P-15 High Porosity Mix\">\n\t\t\t\t\t\t\t\t\t\t\t\t\t\tP-15 High Porosity Mix\t\t\t\t\t\t\t\t\t\t\t\t\t<\/a>\n\t\t\t\t\t\t\t\t\t\t\t<\/h3>\n    <a href=\"https:\/\/thpeat.com\/fr\/p-15-high-porosity-mix\/\" title=\"P-15 High Porosity Mix\">View Product about P-15 High Porosity Mix<\/a>\n\t<meta itemscope itemprop=\"mainEntityOfPage\" itemtype=\"https:\/\/schema.org\/WebPage\" itemid=\"http:\/\/1859\" content=\"Euro-XF Germinating Mix\" \/><meta itemprop=\"datePublished\" content=\"2024-09-18\" \/><meta itemprop=\"dateModified\" content=\"2024-09-18\" \/><meta itemprop=\"name\" content=\"Theriault &amp; Hachey Peat Moss Ltd.\"\/><meta itemprop=\"url\" content=\"https:\/\/thpeat.com\/fr\/author\/theriault-hachey-peat-moss-ltd\/\" \/><meta itemprop=\"name\" content=\"Theriault &amp; Hachey Peat Moss Ltd.\" \/><meta itemprop=\"interactionType\" content=\"https:\/\/schema.org\/CommentAction\" \/><meta itemprop=\"userInteractionCount\" content=\"0\" \/>\n\t\t\t\t<a href=\"https:\/\/thpeat.com\/fr\/euro-xf-germinating-mix\/\" target=\"_self\" itemprop=\"url\" rel=\"noopener\">\n\t\t\t\t<img loading=\"lazy\" decoding=\"async\" src=\"https:\/\/thpeat.com\/wp-content\/uploads\/2013\/07\/euromix.jpg\" alt=\"euromix\" itemprop=\"image\" data-no-lazy=\"1\" height=\"308\" width=\"223\" title=\"euromix\" onerror=\"this.style.display='none'\"  \/>\n\t\t\t\t<\/a>\n\t\t\t\t\t\t\t\t\t<h3 itemprop=\"headline\">\n\t\t\t\t\t\t\t\t\t\t\t\t\t<a href=\"https:\/\/thpeat.com\/fr\/euro-xf-germinating-mix\/\" title=\"Euro-XF Germinating Mix\">\n\t\t\t\t\t\t\t\t\t\t\t\t\t\tEuro-XF Germinating Mix\t\t\t\t\t\t\t\t\t\t\t\t\t<\/a>\n\t\t\t\t\t\t\t\t\t\t\t<\/h3>\n    <a href=\"https:\/\/thpeat.com\/fr\/euro-xf-germinating-mix\/\" title=\"Euro-XF Germinating Mix\">View Product about Euro-XF Germinating Mix<\/a>\n\t<meta itemscope itemprop=\"mainEntityOfPage\" itemtype=\"https:\/\/schema.org\/WebPage\" itemid=\"http:\/\/1845\" content=\"Euro-XCC All-Purpose\" \/><meta itemprop=\"datePublished\" content=\"2024-09-18\" \/><meta itemprop=\"dateModified\" content=\"2024-09-18\" \/><meta itemprop=\"name\" content=\"Theriault &amp; Hachey Peat Moss Ltd.\"\/><meta itemprop=\"url\" content=\"https:\/\/thpeat.com\/fr\/author\/theriault-hachey-peat-moss-ltd\/\" \/><meta itemprop=\"name\" content=\"Theriault &amp; Hachey Peat Moss Ltd.\" \/><meta itemprop=\"interactionType\" content=\"https:\/\/schema.org\/CommentAction\" \/><meta itemprop=\"userInteractionCount\" content=\"0\" \/>\n\t\t\t\t<a href=\"https:\/\/thpeat.com\/fr\/euro-xcc-all-purpose\/\" target=\"_self\" itemprop=\"url\" rel=\"noopener\">\n\t\t\t\t<img loading=\"lazy\" decoding=\"async\" src=\"https:\/\/thpeat.com\/wp-content\/uploads\/2013\/07\/euromix.jpg\" alt=\"euromix\" itemprop=\"image\" data-no-lazy=\"1\" height=\"308\" width=\"223\" title=\"euromix\" onerror=\"this.style.display='none'\"  \/>\n\t\t\t\t<\/a>\n\t\t\t\t\t\t\t\t\t<h3 itemprop=\"headline\">\n\t\t\t\t\t\t\t\t\t\t\t\t\t<a href=\"https:\/\/thpeat.com\/fr\/euro-xcc-all-purpose\/\" title=\"Euro-XCC All-Purpose\">\n\t\t\t\t\t\t\t\t\t\t\t\t\t\tEuro-XCC All-Purpose\t\t\t\t\t\t\t\t\t\t\t\t\t<\/a>\n\t\t\t\t\t\t\t\t\t\t\t<\/h3>\n    <a href=\"https:\/\/thpeat.com\/fr\/euro-xcc-all-purpose\/\" title=\"Euro-XCC All-Purpose\">View Product about Euro-XCC All-Purpose<\/a>\n\t<meta itemscope itemprop=\"mainEntityOfPage\" itemtype=\"https:\/\/schema.org\/WebPage\" itemid=\"http:\/\/1831\" content=\"Tourbe de mousse au pH \u00e9quilibr\u00e9\" \/><meta itemprop=\"datePublished\" content=\"2024-09-18\" \/><meta itemprop=\"dateModified\" content=\"2024-09-18\" \/><meta itemprop=\"name\" content=\"Theriault &amp; Hachey Peat Moss Ltd.\"\/><meta itemprop=\"url\" content=\"https:\/\/thpeat.com\/fr\/author\/theriault-hachey-peat-moss-ltd\/\" \/><meta itemprop=\"name\" content=\"Theriault &amp; Hachey Peat Moss Ltd.\" \/><meta itemprop=\"interactionType\" content=\"https:\/\/schema.org\/CommentAction\" \/><meta itemprop=\"userInteractionCount\" content=\"0\" \/>\n\t\t\t\t<a href=\"https:\/\/thpeat.com\/fr\/tourbe-de-mousse-au-ph-equilibre\/\" target=\"_self\" itemprop=\"url\" rel=\"noopener\">\n\t\t\t\t<img loading=\"lazy\" decoding=\"async\" src=\"https:\/\/thpeat.com\/wp-content\/uploads\/2013\/05\/ph.png\" alt=\"ph\" itemprop=\"image\" data-no-lazy=\"1\" height=\"300\" width=\"225\" title=\"ph\" onerror=\"this.style.display='none'\"  \/>\n\t\t\t\t<\/a>\n\t\t\t\t\t\t\t\t\t<h3 itemprop=\"headline\">\n\t\t\t\t\t\t\t\t\t\t\t\t\t<a href=\"https:\/\/thpeat.com\/fr\/tourbe-de-mousse-au-ph-equilibre\/\" title=\"Tourbe de mousse au pH \u00e9quilibr\u00e9\">\n\t\t\t\t\t\t\t\t\t\t\t\t\t\tTourbe de mousse au pH \u00e9quilibr\u00e9\t\t\t\t\t\t\t\t\t\t\t\t\t<\/a>\n\t\t\t\t\t\t\t\t\t\t\t<\/h3>\n    <a href=\"https:\/\/thpeat.com\/fr\/tourbe-de-mousse-au-ph-equilibre\/\" title=\"Tourbe de mousse au pH \u00e9quilibr\u00e9\">View Product about Tourbe de mousse au pH \u00e9quilibr\u00e9<\/a>\n\t<meta itemscope itemprop=\"mainEntityOfPage\" itemtype=\"https:\/\/schema.org\/WebPage\" itemid=\"http:\/\/1815\" content=\"M\u00e9lange de culture sur mesure TH\" \/><meta itemprop=\"datePublished\" content=\"2024-09-18\" \/><meta itemprop=\"dateModified\" content=\"2024-09-18\" \/><meta itemprop=\"name\" content=\"Theriault &amp; Hachey Peat Moss Ltd.\"\/><meta itemprop=\"url\" content=\"https:\/\/thpeat.com\/fr\/author\/theriault-hachey-peat-moss-ltd\/\" \/><meta itemprop=\"name\" content=\"Theriault &amp; Hachey Peat Moss Ltd.\" \/><meta itemprop=\"interactionType\" content=\"https:\/\/schema.org\/CommentAction\" \/><meta itemprop=\"userInteractionCount\" content=\"0\" \/>\n\t\t\t\t<a href=\"https:\/\/thpeat.com\/fr\/melange-de-culture-sur-mesure-th\/\" target=\"_self\" itemprop=\"url\" rel=\"noopener\">\n\t\t\t\t<img loading=\"lazy\" decoding=\"async\" src=\"https:\/\/thpeat.com\/wp-content\/uploads\/2013\/05\/custom.png\" alt=\"TH-KB 20\" itemprop=\"image\" data-no-lazy=\"1\" height=\"300\" width=\"223\" title=\"TH-KB 20\" onerror=\"this.style.display='none'\"  \/>\n\t\t\t\t<\/a>\n\t\t\t\t\t\t\t\t\t<h3 itemprop=\"headline\">\n\t\t\t\t\t\t\t\t\t\t\t\t\t<a href=\"https:\/\/thpeat.com\/fr\/melange-de-culture-sur-mesure-th\/\" title=\"M\u00e9lange de culture sur mesure TH\">\n\t\t\t\t\t\t\t\t\t\t\t\t\t\tM\u00e9lange de culture sur mesure TH\t\t\t\t\t\t\t\t\t\t\t\t\t<\/a>\n\t\t\t\t\t\t\t\t\t\t\t<\/h3>\n    <a href=\"https:\/\/thpeat.com\/fr\/melange-de-culture-sur-mesure-th\/\" title=\"M\u00e9lange de culture sur mesure TH\">View Product about M\u00e9lange de culture sur mesure TH<\/a>\n\t<meta itemscope itemprop=\"mainEntityOfPage\" itemtype=\"https:\/\/schema.org\/WebPage\" itemid=\"http:\/\/1801\" content=\"M\u00e9lange de culture de qualit\u00e9 professionnelle TH-6\" \/><meta itemprop=\"datePublished\" content=\"2024-09-18\" \/><meta itemprop=\"dateModified\" content=\"2024-09-18\" \/><meta itemprop=\"name\" content=\"Theriault &amp; Hachey Peat Moss Ltd.\"\/><meta itemprop=\"url\" content=\"https:\/\/thpeat.com\/fr\/author\/theriault-hachey-peat-moss-ltd\/\" \/><meta itemprop=\"name\" content=\"Theriault &amp; Hachey Peat Moss Ltd.\" \/><meta itemprop=\"interactionType\" content=\"https:\/\/schema.org\/CommentAction\" \/><meta itemprop=\"userInteractionCount\" content=\"0\" \/>\n\t\t\t\t<a href=\"https:\/\/thpeat.com\/fr\/melange-de-culture-de-qualite-professionnelle-th-6\/\" target=\"_self\" itemprop=\"url\" rel=\"noopener\">\n\t\t\t\t<img loading=\"lazy\" decoding=\"async\" src=\"https:\/\/thpeat.com\/wp-content\/uploads\/2013\/05\/th6.png\" alt=\"th6\" itemprop=\"image\" data-no-lazy=\"1\" height=\"300\" width=\"224\" title=\"th6\" onerror=\"this.style.display='none'\"  \/>\n\t\t\t\t<\/a>\n\t\t\t\t\t\t\t\t\t<h3 itemprop=\"headline\">\n\t\t\t\t\t\t\t\t\t\t\t\t\t<a href=\"https:\/\/thpeat.com\/fr\/melange-de-culture-de-qualite-professionnelle-th-6\/\" title=\"M\u00e9lange de culture de qualit\u00e9 professionnelle TH-6\">\n\t\t\t\t\t\t\t\t\t\t\t\t\t\tM\u00e9lange de culture de qualit\u00e9 professionnelle TH-6\t\t\t\t\t\t\t\t\t\t\t\t\t<\/a>\n\t\t\t\t\t\t\t\t\t\t\t<\/h3>\n    <a href=\"https:\/\/thpeat.com\/fr\/melange-de-culture-de-qualite-professionnelle-th-6\/\" title=\"M\u00e9lange de culture de qualit\u00e9 professionnelle TH-6\">View Product about M\u00e9lange de culture de qualit\u00e9 professionnelle TH-6<\/a>\n\t<meta itemscope itemprop=\"mainEntityOfPage\" itemtype=\"https:\/\/schema.org\/WebPage\" itemid=\"http:\/\/1785\" content=\"M\u00e9lange de germination de qualit\u00e9 professionnelle TH-2\" \/><meta itemprop=\"datePublished\" content=\"2024-09-18\" \/><meta itemprop=\"dateModified\" content=\"2024-09-18\" \/><meta itemprop=\"name\" content=\"Theriault &amp; Hachey Peat Moss Ltd.\"\/><meta itemprop=\"url\" content=\"https:\/\/thpeat.com\/fr\/author\/theriault-hachey-peat-moss-ltd\/\" \/><meta itemprop=\"name\" content=\"Theriault &amp; Hachey Peat Moss Ltd.\" \/><meta itemprop=\"interactionType\" content=\"https:\/\/schema.org\/CommentAction\" \/><meta itemprop=\"userInteractionCount\" content=\"0\" \/>\n\t\t\t\t<a href=\"https:\/\/thpeat.com\/fr\/melange-de-germination-de-qualite-professionnelle-th-2\/\" target=\"_self\" itemprop=\"url\" rel=\"noopener\">\n\t\t\t\t<img loading=\"lazy\" decoding=\"async\" src=\"https:\/\/thpeat.com\/wp-content\/uploads\/2013\/05\/th2.png\" alt=\"th2\" itemprop=\"image\" data-no-lazy=\"1\" height=\"300\" width=\"224\" title=\"th2\" onerror=\"this.style.display='none'\"  \/>\n\t\t\t\t<\/a>\n\t\t\t\t\t\t\t\t\t<h3 itemprop=\"headline\">\n\t\t\t\t\t\t\t\t\t\t\t\t\t<a href=\"https:\/\/thpeat.com\/fr\/melange-de-germination-de-qualite-professionnelle-th-2\/\" title=\"M\u00e9lange de germination de qualit\u00e9 professionnelle TH-2\">\n\t\t\t\t\t\t\t\t\t\t\t\t\t\tM\u00e9lange de germination de qualit\u00e9 professionnelle TH-2\t\t\t\t\t\t\t\t\t\t\t\t\t<\/a>\n\t\t\t\t\t\t\t\t\t\t\t<\/h3>\n    <a href=\"https:\/\/thpeat.com\/fr\/melange-de-germination-de-qualite-professionnelle-th-2\/\" title=\"M\u00e9lange de germination de qualit\u00e9 professionnelle TH-2\">View Product about M\u00e9lange de germination de qualit\u00e9 professionnelle TH-2<\/a>\n\t<meta itemscope itemprop=\"mainEntityOfPage\" itemtype=\"https:\/\/schema.org\/WebPage\" itemid=\"http:\/\/1771\" content=\"M\u00e9lange de culture tous usages de qualit\u00e9 professionnelle TH-1\" \/><meta itemprop=\"datePublished\" content=\"2024-09-18\" \/><meta itemprop=\"dateModified\" content=\"2024-09-18\" \/><meta itemprop=\"name\" content=\"Theriault &amp; Hachey Peat Moss Ltd.\"\/><meta itemprop=\"url\" content=\"https:\/\/thpeat.com\/fr\/author\/theriault-hachey-peat-moss-ltd\/\" \/><meta itemprop=\"name\" content=\"Theriault &amp; Hachey Peat Moss Ltd.\" \/><meta itemprop=\"interactionType\" content=\"https:\/\/schema.org\/CommentAction\" \/><meta itemprop=\"userInteractionCount\" content=\"0\" \/>\n\t\t\t\t<a href=\"https:\/\/thpeat.com\/fr\/melange-de-culture-tous-usages-de-qualite-professionnelle-th-1\/\" target=\"_self\" itemprop=\"url\" rel=\"noopener\">\n\t\t\t\t<img loading=\"lazy\" decoding=\"async\" src=\"https:\/\/thpeat.com\/wp-content\/uploads\/2013\/05\/th1.png\" alt=\"th1\" itemprop=\"image\" data-no-lazy=\"1\" height=\"293\" width=\"233\" title=\"th1\" onerror=\"this.style.display='none'\"  \/>\n\t\t\t\t<\/a>\n\t\t\t\t\t\t\t\t\t<h3 itemprop=\"headline\">\n\t\t\t\t\t\t\t\t\t\t\t\t\t<a href=\"https:\/\/thpeat.com\/fr\/melange-de-culture-tous-usages-de-qualite-professionnelle-th-1\/\" title=\"M\u00e9lange de culture tous usages de qualit\u00e9 professionnelle TH-1\">\n\t\t\t\t\t\t\t\t\t\t\t\t\t\tM\u00e9lange de culture tous usages de qualit\u00e9 professionnelle TH-1\t\t\t\t\t\t\t\t\t\t\t\t\t<\/a>\n\t\t\t\t\t\t\t\t\t\t\t<\/h3>\n    <a href=\"https:\/\/thpeat.com\/fr\/melange-de-culture-tous-usages-de-qualite-professionnelle-th-1\/\" title=\"M\u00e9lange de culture tous usages de qualit\u00e9 professionnelle TH-1\">View Product about M\u00e9lange de culture tous usages de qualit\u00e9 professionnelle TH-1<\/a>\n\t<meta itemscope itemprop=\"mainEntityOfPage\" itemtype=\"https:\/\/schema.org\/WebPage\" itemid=\"http:\/\/1756\" content=\"TH-5\" \/><meta itemprop=\"datePublished\" content=\"2024-09-18\" \/><meta itemprop=\"dateModified\" content=\"2024-09-18\" \/><meta itemprop=\"name\" content=\"Theriault &amp; Hachey Peat Moss Ltd.\"\/><meta itemprop=\"url\" content=\"https:\/\/thpeat.com\/fr\/author\/theriault-hachey-peat-moss-ltd\/\" \/><meta itemprop=\"name\" content=\"Theriault &amp; Hachey Peat Moss Ltd.\" \/><meta itemprop=\"interactionType\" content=\"https:\/\/schema.org\/CommentAction\" \/><meta itemprop=\"userInteractionCount\" content=\"0\" \/>\n\t\t\t\t<a href=\"https:\/\/thpeat.com\/fr\/th-5\/\" target=\"_self\" itemprop=\"url\" rel=\"noopener\">\n\t\t\t\t<img decoding=\"async\" src=\"https:\/\/thpeat.com\/wp-content\/plugins\/bbpowerpack\/modules\/pp-content-grid\/images\/placeholder.jpg\" alt=\"\" itemprop=\"image\" data-no-lazy=\"1\" onerror=\"this.style.display='none'\"  \/>\n\t\t\t\t<\/a>\n\t\t\t\t\t\t\t\t\t<h3 itemprop=\"headline\">\n\t\t\t\t\t\t\t\t\t\t\t\t\t<a href=\"https:\/\/thpeat.com\/fr\/th-5\/\" title=\"TH-5\">\n\t\t\t\t\t\t\t\t\t\t\t\t\t\tTH-5\t\t\t\t\t\t\t\t\t\t\t\t\t<\/a>\n\t\t\t\t\t\t\t\t\t\t\t<\/h3>\n    <a href=\"https:\/\/thpeat.com\/fr\/th-5\/\" title=\"TH-5\">View Product about TH-5<\/a>\n\t\t<!-- .pp-content-posts -->\n\n","protected":false},"excerpt":{"rendered":"<p>Utilisez nos m\u00e9langes de culture\/substrats de culture professionnels et personnalis\u00e9s \u00e0 base de tourbe; fabriqu\u00e9 avec de la tourbe de sphaigne canadienne pour vous faire \u00e9conomiser temps et argent. Nos m\u00e9langes personnalis\u00e9s \u00e0 base de mousse de tourbe sont formul\u00e9s pour une croissance optimale des cultures. Imaginez augmenter vos rendements et augmenter \u00e0 la fois&hellip;<\/p>\n","protected":false},"author":1,"featured_media":0,"parent":0,"menu_order":0,"comment_status":"open","ping_status":"open","template":"","meta":{"footnotes":""},"class_list":["post-426","page","type-page","status-publish","hentry"],"_links":{"self":[{"href":"https:\/\/thpeat.com\/fr\/wp-json\/wp\/v2\/pages\/426","targetHints":{"allow":["GET"]}}],"collection":[{"href":"https:\/\/thpeat.com\/fr\/wp-json\/wp\/v2\/pages"}],"about":[{"href":"https:\/\/thpeat.com\/fr\/wp-json\/wp\/v2\/types\/page"}],"author":[{"embeddable":true,"href":"https:\/\/thpeat.com\/fr\/wp-json\/wp\/v2\/users\/1"}],"replies":[{"embeddable":true,"href":"https:\/\/thpeat.com\/fr\/wp-json\/wp\/v2\/comments?post=426"}],"version-history":[{"count":6,"href":"https:\/\/thpeat.com\/fr\/wp-json\/wp\/v2\/pages\/426\/revisions"}],"predecessor-version":[{"id":1921,"href":"https:\/\/thpeat.com\/fr\/wp-json\/wp\/v2\/pages\/426\/revisions\/1921"}],"wp:attachment":[{"href":"https:\/\/thpeat.com\/fr\/wp-json\/wp\/v2\/media?parent=426"}],"curies":[{"name":"wp","href":"https:\/\/api.w.org\/{rel}","templated":true}]}}