{"id":416,"date":"2013-05-07T16:08:21","date_gmt":"2013-05-07T19:08:21","guid":{"rendered":"http:\/\/theriault-hachey.mightyhost.ca\/?page_id=416"},"modified":"2022-05-10T11:51:57","modified_gmt":"2022-05-10T14:51:57","slug":"growing-tips-3","status":"publish","type":"page","link":"https:\/\/thpeat.com\/fr\/growing-tips-3\/","title":{"rendered":"Conseil"},"content":{"rendered":"\n\n\t<p>Une production saine de plantes commence par un m\u00e9lange de culture sain. Avoir les connaissances n\u00e9cessaires pour choisir le bon m\u00e9lange pour votre culture peut grandement influer sur votre r\u00e9sultat net. Voici quelques conseils importants pour les producteurs afin de s\u00e9lectionner le bon m\u00e9lange de culture et d&rsquo;obtenir un haut niveau de r\u00e9ussite dans la production des cultures.<\/p>\n<ol>\n<li>Achetez vos m\u00e9langes de culture aupr\u00e8s d&rsquo;un producteur de m\u00e9langes de culture r\u00e9put\u00e9. Cela vous aidera \u00e0 obtenir un m\u00e9lange de culture test\u00e9 de qualit\u00e9 avec des propri\u00e9t\u00e9s uniform\u00e9ment uniformes au sein et entre les lots, comme indiqu\u00e9 dans les sp\u00e9cifications du produit. Ceci est tr\u00e8s important pour \u00e9viter des probl\u00e8mes agronomiques inutiles.<\/li>\n<li>Choisissez votre m\u00e9lange de culture sp\u00e9cifique ou demandez un m\u00e9lange personnalis\u00e9 qui aura les propri\u00e9t\u00e9s importantes suivantes pour la ou les cultures cultiv\u00e9es et les conditions de culture sp\u00e9cifiques dans lesquelles le substrat sera utilis\u00e9.<\/li>\n<\/ol>\n<ul>\n<li>Exigences de la (des) culture(s) cultiv\u00e9e(s) :<br \/>\nLes milieux de culture sont utilis\u00e9s pour faire pousser une grande vari\u00e9t\u00e9 de plantes, notamment des l\u00e9gumes, des fruits, des plantes ornementales de floriculture et des plantes sp\u00e9cialis\u00e9es. La s\u00e9lection des composants et des propri\u00e9t\u00e9s appropri\u00e9s du support est essentielle \u00e0 la r\u00e9ussite de la production de plantes. Un m\u00e9lange de meilleure qualit\u00e9 a les propri\u00e9t\u00e9s chimiques et physiques suivantes \u00e0 des niveaux optimaux pour r\u00e9pondre aux exigences de la culture afin de fournir une meilleure capacit\u00e9 de r\u00e9tention des \u00e9l\u00e9ments nutritifs et un bon \u00e9quilibre eau \/ air (oxyg\u00e8ne) du sol.\n<ul>\n<li>Propri\u00e9t\u00e9s chimiques du terreau : plage de pH, conductivit\u00e9 \u00e9lectrique (E.C ou concentration d&rsquo;engrais),<\/li>\n<li>Propri\u00e9t\u00e9s physiques du terreau\u00a0: capacit\u00e9 de r\u00e9tention d&rsquo;eau, porosit\u00e9 remplie d&rsquo;air (espace d&rsquo;air), densit\u00e9 apparente et stabilit\u00e9 du support<\/li>\n<li>Le substrat doit \u00eatre bien drain\u00e9 tout en retenant suffisamment d&rsquo;eau pour r\u00e9duire la fr\u00e9quence d&rsquo;arrosage. Dans la production en serre, il est important que le substrat ait de bonnes caract\u00e9ristiques structurelles, afin qu&rsquo;il puisse r\u00e9sister \u00e0 une irrigation fr\u00e9quente, \u00e0 la croissance des racines et aux changements de temp\u00e9rature tout au long de la vie de la culture. En m\u00eame temps, il doit servir de r\u00e9servoir d&rsquo;eau et de nutriments et pouvoir permettre un \u00e9change d&rsquo;air entre le syst\u00e8me racinaire et le milieu a\u00e9rien<\/li>\n<li>Conditions existantes dans votre situation de culture\u00a0:\n<ul>\n<li>Qualit\u00e9 de l&rsquo;eau d&rsquo;irrigation :<br \/>\nIl est tr\u00e8s important de tester votre eau d&rsquo;irrigation et de conna\u00eetre le niveau de pH et d&rsquo;alcalinit\u00e9. Faites plus attention au pH du substrat et aux carences en nutriments si votre eau d&rsquo;irrigation a une alcalinit\u00e9 \u00e9lev\u00e9e. (Un test d&rsquo;alcalinit\u00e9 mesure le niveau de bicarbonates, de carbonates et d&rsquo;hydroxydes dans l&rsquo;eau et les r\u00e9sultats des tests sont g\u00e9n\u00e9ralement exprim\u00e9s en &laquo;&nbsp;ppm de carbonate de calcium (CaCO3). La plage souhaitable pour l&rsquo;eau d&rsquo;irrigation est de 0 \u00e0 100 ppm de carbonate de calcium. Niveaux entre 30 et 60 ppm sont consid\u00e9r\u00e9s comme optimaux pour la plupart des plantes Une alcalinit\u00e9 \u00e9lev\u00e9e et une irrigation \u00e0 pH \u00e9lev\u00e9 peuvent augmenter consid\u00e9rablement le pH du milieu de culture avec le temps.<br \/>\nPar cons\u00e9quent, comprenez les exigences en mati\u00e8re de pH des cultures que vous cultivez (tableau 1). Certaines cultures pr\u00e9f\u00e8rent un pH plus bas. Si le pH du substrat est trop \u00e9lev\u00e9, ces cultures pr\u00e9senteront des sympt\u00f4mes de carence en fer et en micronutriments, le plus souvent exprim\u00e9s par une chlorose interveinale des jeunes feuilles. Certaines autres cultures pr\u00e9f\u00e8rent un pH plus \u00e9lev\u00e9 (g\u00e9n\u00e9ralement sup\u00e9rieur \u00e0 6,0), o\u00f9 le fer et le mangan\u00e8se sont moins disponibles. Si le pH du substrat est trop bas, ils pr\u00e9senteront des sympt\u00f4mes de toxicit\u00e9 des micronutriments, le plus souvent exprim\u00e9s par des taches n\u00e9crotiques sur les feuilles inf\u00e9rieures. (R\u00e9f : <a href=\"https:\/\/www.canr.msu.edu\/news\/managing_substrate_ph_of_soilless_substrates\">https:\/\/www.canr.msu.edu\/news\/managing_substrate_ph_of_soilless_substrates<\/a>)<\/li>\n<\/ul>\n<\/li>\n<\/ul>\n<\/li>\n<\/ul>\n<p>&nbsp;<\/p>\n<p><img loading=\"lazy\" decoding=\"async\" src=\"https:\/\/thpeat.com\/wp-content\/uploads\/2022\/05\/Table-1-EN-1-300x215.png\" alt=\"\" width=\"382\" height=\"274\" \/><\/p>\n<ul>\n<li>Le pH d&rsquo;\u00e9quilibre dans nos m\u00e9langes de culture r\u00e9guliers se situe entre 5,3 et 6,3.<\/li>\n<li>Lorsque ces m\u00e9langes sont utilis\u00e9s pour pousser au-dessus de plantes aimant un pH faible ou \u00e9lev\u00e9, certains ajustements peuvent \u00eatre n\u00e9cessaires pour corriger le pH, en particulier lorsque vous avez des probl\u00e8mes avec la qualit\u00e9 de votre eau d&rsquo;irrigation ou les types d&rsquo;engrais utilis\u00e9s.<\/li>\n<li>Nous fournissons le support technique n\u00e9cessaire et\/ou pouvons vous produire une commande Custom Blend pour r\u00e9pondre aux exigences de pH de la culture.<\/li>\n<\/ul>\n<p>&nbsp;<\/p>\n<ol start=\"3\">\n<li>Culture en serre \/ en plein air :<\/li>\n<\/ol>\n<p>Si vous \u00eates un cultivateur en ext\u00e9rieur ou si vous avez tendance \u00e0 trop arroser, utilisez un m\u00e9lange \u00e0 haute porosit\u00e9 pour faciliter le drainage.<\/p>\n<p>&nbsp;<\/p>\n<p><strong><u>Autres conseils g\u00e9n\u00e9raux<\/u><\/strong><\/p>\n<ul>\n<li>Planifiez et commandez \u00e0 l&rsquo;avance vos besoins en m\u00e9lange de culture. Cela \u00e9vitera les retards d&rsquo;approvisionnement pendant la p\u00e9riode de pointe de la demande.<\/li>\n<li>Aussi, c&rsquo;est une bonne id\u00e9e de demander un \u00e9chantillon et de le tester dans vos conditions de culture avant de commander un nouveau produit.<\/li>\n<li>Humidifiez le support avant l&#8217;empotage pour \u00e9largir l&rsquo;espace poreux. Faites \u00e9galement tr\u00e8s attention lorsque vous remplissez les pots et les plateaux. \u00c9viter de compacter le substrat dans des conteneurs pour optimiser la porosit\u00e9. Le milieu de compactage n&rsquo;est pas bon car il r\u00e9duit l&rsquo;espace d&rsquo;air L&rsquo;a\u00e9ration des racines est tr\u00e8s importante.<\/li>\n<li>La plupart des milieux de culture contiennent des charges d&rsquo;engrais de d\u00e9marrage qui sont incorpor\u00e9es pour aider les plantes \u00e0 s&rsquo;acclimater apr\u00e8s la plantation initiale juste assez pour les deux premi\u00e8res semaines. Il est important de commencer un mod\u00e8le de gestion des engrais appropri\u00e9 pendant le cycle de culture.<\/li>\n<li>Testez p\u00e9riodiquement vos milieux de culture, l&rsquo;eau d&rsquo;irrigation et les tissus v\u00e9g\u00e9taux \u00e0 partir d&rsquo;un laboratoire d&rsquo;horticulture pendant la culture. Parce que le pH, la CE et la teneur en \u00e9l\u00e9ments nutritifs du milieu de culture changeront avec l&rsquo;application d&rsquo;engrais, l&rsquo;eau d&rsquo;irrigation et l&rsquo;absorption des \u00e9l\u00e9ments nutritifs par les plantes. Les tests p\u00e9riodiques sont un outil inestimable pour surveiller les besoins des cultures et \u00e9tablir les tendances de croissance. Gr\u00e2ce aux analyses en laboratoire, les producteurs peuvent apporter de petites modifications, si n\u00e9cessaire, au cours du cycle de culture pour affiner les pratiques culturales et obtenir les meilleures performances des substrats de culture.<\/li>\n<li>Optimisez l&rsquo;efficacit\u00e9 du syst\u00e8me de circulation d&rsquo;air de votre serre pour une croissance saine des plantes<\/li>\n<li>Un bon assainissement de la serre r\u00e9duit le risque de probl\u00e8mes de ravageurs, de maladies et de mauvaises herbes.<\/li>\n<li>Si vous \u00eates un \u00ab producteur sec \u00bb (producteurs qui irriguent moins d&rsquo;eau mais irriguent plus souvent), lixiviez votre milieu de culture plusieurs fois pendant la production pour \u00e9viter l&rsquo;accumulation de sel.<\/li>\n<li>V\u00e9rifiez r\u00e9guli\u00e8rement les plantes pour les dommages aux racines \/ ou pour les racines saines et actives. La sant\u00e9 des racines est un bon indicateur de la sant\u00e9 globale des plantes.<\/li>\n<li>Conservez des dossiers d\u00e9taill\u00e9s sur votre gestion quotidienne des cultures pour optimiser vos proc\u00e9dures de culture et vos comp\u00e9tences en gestion des cultures.<\/li>\n<\/ul>\n\n","protected":false},"excerpt":{"rendered":"<p>Une production saine de plantes commence par un m\u00e9lange de culture sain. Avoir les connaissances n\u00e9cessaires pour choisir le bon m\u00e9lange pour votre culture peut grandement influer sur votre r\u00e9sultat net. Voici quelques conseils importants pour les producteurs afin de s\u00e9lectionner le bon m\u00e9lange de culture et d&rsquo;obtenir un haut niveau de r\u00e9ussite dans la&hellip;<\/p>\n","protected":false},"author":1,"featured_media":0,"parent":0,"menu_order":0,"comment_status":"open","ping_status":"open","template":"","meta":{"footnotes":""},"class_list":["post-416","page","type-page","status-publish","hentry"],"_links":{"self":[{"href":"https:\/\/thpeat.com\/fr\/wp-json\/wp\/v2\/pages\/416","targetHints":{"allow":["GET"]}}],"collection":[{"href":"https:\/\/thpeat.com\/fr\/wp-json\/wp\/v2\/pages"}],"about":[{"href":"https:\/\/thpeat.com\/fr\/wp-json\/wp\/v2\/types\/page"}],"author":[{"embeddable":true,"href":"https:\/\/thpeat.com\/fr\/wp-json\/wp\/v2\/users\/1"}],"replies":[{"embeddable":true,"href":"https:\/\/thpeat.com\/fr\/wp-json\/wp\/v2\/comments?post=416"}],"version-history":[{"count":6,"href":"https:\/\/thpeat.com\/fr\/wp-json\/wp\/v2\/pages\/416\/revisions"}],"predecessor-version":[{"id":1590,"href":"https:\/\/thpeat.com\/fr\/wp-json\/wp\/v2\/pages\/416\/revisions\/1590"}],"wp:attachment":[{"href":"https:\/\/thpeat.com\/fr\/wp-json\/wp\/v2\/media?parent=416"}],"curies":[{"name":"wp","href":"https:\/\/api.w.org\/{rel}","templated":true}]}}