{"id":371,"date":"2013-05-07T08:28:42","date_gmt":"2013-05-07T11:28:42","guid":{"rendered":"http:\/\/theriault-hachey.mightyhost.ca\/?page_id=371"},"modified":"2019-09-25T22:36:33","modified_gmt":"2019-09-26T01:36:33","slug":"about-2","status":"publish","type":"page","link":"https:\/\/thpeat.com\/fr\/about-2\/","title":{"rendered":"\u00c0 propos de nous"},"content":{"rendered":"\n\t<p><strong><img loading=\"lazy\" decoding=\"async\" src=\"http:\/\/thpeat.com\/wp-content\/uploads\/2013\/04\/sunflower.jpg\" alt=\"Theriault &amp; Hachey Peat Moss Ltd.\" width=\"350\" height=\"233\" \/>Tourbe de mousse de premi\u00e8re qualit\u00e9 pour votre entreprise d&rsquo;horticulture<\/strong><\/p>\n<p>Depuis plus de 40 ans, Theriault &amp; Hachey Peat Moss Limited est le fournisseur de choix de l\u2019industrie de l\u2019horticulture et de la culture de champignons, offrant \u00e0 sa client\u00e8le des produits de la meilleure qualit\u00e9 de m\u00eame qu\u2019un service et un soutien \u00e0 la client\u00e8le exceptionnels. Nous ne sommes pas une grande soci\u00e9t\u00e9 sans visage. Nous travaillons directement avec vous afin de r\u00e9pondre \u00e0 tous vos besoins.<\/p>\n<p><strong>M\u00e9langes de tourbe de mousse sur mesure pour la culture de plantes vigoureuses<\/strong><\/p>\n<p>En plus de produire des m\u00e9langes de culture standard \u00e0 base de tourbe de premi\u00e8re qualit\u00e9, T &amp; H fabrique \u00e9galement des substrats m\u00e9lang\u00e9s sur mesure. Notre cha\u00eene de m\u00e9lange de pointe vous fournira des m\u00e9langes de culture sans \u00e9gal pour r\u00e9pondre aux besoins particuliers de culture de vos plantes et r\u00e9coltes de mani\u00e8re \u00e0 r\u00e9duire leur cycle de croissance.<\/p>\n<p><strong>\u00c9conomisez temps et argent<\/strong><\/p>\n<p>Nos clients nous affirment que nos produits sont \u00e9conomiques. Nos m\u00e9langes \u00e0 base de tourbe de mousse sur mesure sont formul\u00e9s pour optimiser la culture de plantes et de r\u00e9coltes. Imaginez la possibilit\u00e9 d\u2019augmenter votre production et de potentialiser votre productivit\u00e9 ainsi que vos r\u00e9sultats. De plus, un cycle de croissance plus court diminuera vos co\u00fbts de production et de capitaux, vous \u00e9conomisant temps et argent.<\/p>\n<p><strong>Vous n&rsquo;obtenez que ce dont vous avez besoin<\/strong><\/p>\n<p>Contrairement \u00e0 nos concurrents, chez nous vous n&rsquo;avez pas besoin de commander une grande quantit\u00e9 pour obtenir le m\u00e9lange de culture que vous d\u00e9sirez. Que vous ayez besoin de 18 ou de 1 800 palettes, nous serons heureux de vous offrir un prix personnalis\u00e9.<\/p>\n<p><strong>Pourquoi acheter un m\u00e9lange de culture T &amp; H?<\/strong><\/p>\n<ul>\n<li>Parce qu\u2019il s\u2019agit d\u2019une cha\u00eene de m\u00e9lange Slootweg de pointe qui assure que vous obteniez un substrat sup\u00e9rieur.<\/li>\n<li>Notre cha\u00eene de m\u00e9lange est autonettoyante, ce qui diminue la contamination crois\u00e9e et permet le changement rapide de produits; c\u2019est la raison pour laquelle nous sommes en mesure de faire des m\u00e9langes sur mesure en petites quantit\u00e9s.<\/li>\n<li>Notre agronome peut formuler des recettes pouvant acc\u00e9l\u00e9rer la croissance de votre r\u00e9colte, ou nous pouvons produire un m\u00e9lange de culture sur mesure, selon vos sp\u00e9cifications, qui seront certifi\u00e9es par le Dr Ranasinghe.<\/li>\n<li>Une surveillance rigoureuse du contr\u00f4le de la qualit\u00e9 assure de meilleurs r\u00e9sultats, cr\u00e9ant un produit stable que vous utiliserez avec confiance.<\/li>\n<li>Vous b\u00e9n\u00e9ficiez d\u2019une attention personnelle : nous travaillons avec vous de personne \u00e0 personne pour aborder tous vos besoins de culture.<\/li>\n<li>Nos m\u00e9langes de culture professionnels favorisent un enracinement sup\u00e9rieur, plus sain, afin de diminuer le stress caus\u00e9 par la transplantation et augmenter le taux de r\u00e9ussite.<\/li>\n<\/ul>\n","protected":false},"excerpt":{"rendered":"<p>Tourbe de mousse de premi\u00e8re qualit\u00e9 pour votre entreprise d&rsquo;horticulture Depuis plus de 40 ans, Theriault &amp; Hachey Peat Moss Limited est le fournisseur de choix de l\u2019industrie de l\u2019horticulture et de la culture de champignons, offrant \u00e0 sa client\u00e8le des produits de la meilleure qualit\u00e9 de m\u00eame qu\u2019un service et un soutien \u00e0 la&hellip;<\/p>\n","protected":false},"author":1,"featured_media":0,"parent":0,"menu_order":0,"comment_status":"open","ping_status":"open","template":"","meta":{"footnotes":""},"class_list":["post-371","page","type-page","status-publish","hentry"],"_links":{"self":[{"href":"https:\/\/thpeat.com\/fr\/wp-json\/wp\/v2\/pages\/371","targetHints":{"allow":["GET"]}}],"collection":[{"href":"https:\/\/thpeat.com\/fr\/wp-json\/wp\/v2\/pages"}],"about":[{"href":"https:\/\/thpeat.com\/fr\/wp-json\/wp\/v2\/types\/page"}],"author":[{"embeddable":true,"href":"https:\/\/thpeat.com\/fr\/wp-json\/wp\/v2\/users\/1"}],"replies":[{"embeddable":true,"href":"https:\/\/thpeat.com\/fr\/wp-json\/wp\/v2\/comments?post=371"}],"version-history":[{"count":7,"href":"https:\/\/thpeat.com\/fr\/wp-json\/wp\/v2\/pages\/371\/revisions"}],"predecessor-version":[{"id":1263,"href":"https:\/\/thpeat.com\/fr\/wp-json\/wp\/v2\/pages\/371\/revisions\/1263"}],"wp:attachment":[{"href":"https:\/\/thpeat.com\/fr\/wp-json\/wp\/v2\/media?parent=371"}],"curies":[{"name":"wp","href":"https:\/\/api.w.org\/{rel}","templated":true}]}}