{"id":147,"date":"2013-04-29T12:00:22","date_gmt":"2013-04-29T15:00:22","guid":{"rendered":"http:\/\/theriault-hachey.mightyhost.ca\/?page_id=147"},"modified":"2024-09-16T13:14:18","modified_gmt":"2024-09-16T16:14:18","slug":"tourbe-de-mousse","status":"publish","type":"page","link":"https:\/\/thpeat.com\/fr\/tourbe-de-mousse\/","title":{"rendered":"tourbe de mousse"},"content":{"rendered":"\n\n\t<h4><em>Chez Theriault &amp; Hachey Peat Moss Ltd., nous offrons une vari\u00e9t\u00e9 de qualit\u00e9s de tourbe de sphaigne canadienne de qualit\u00e9 sup\u00e9rieure pour tous vos besoins de croissance. De l&rsquo;extra fin \u00e0 l&rsquo;extra grossier, vous trouverez une qualit\u00e9 de tourbe con\u00e7ue pour n&rsquo;importe quelle \u00e9tape de plantation et environnement de sol.<\/em><\/h4>\n<p><img decoding=\"async\" src=\"https:\/\/thpeat.com\/wp-content\/uploads\/2013\/04\/harvestingpeatmoss.jpg\" alt=\"Peat Moss Harvesting\" \/><img decoding=\"async\" src=\"https:\/\/thpeat.com\/wp-content\/uploads\/2015\/07\/Sizes.jpg\" \/><\/p>\n<img loading=\"lazy\" decoding=\"async\" src=\"http:\/\/thpeat.com\/wp-content\/uploads\/2013\/04\/pdf_icon.png\" alt=\"PDF\" width=\"16\" height=\"16\" \/> <a href=\"https:\/\/thpeat.com\/wp-content\/uploads\/2024\/09\/Peat-Moss-composition-basic-5-grades.pdf\" target=\"_blank\" rel=\"noopener noreferrer\">Analytical Details of Professional Grades of Peat Moss<\/a><br \/>\n<img loading=\"lazy\" decoding=\"async\" src=\"http:\/\/thpeat.com\/wp-content\/uploads\/2013\/04\/pdf_icon.png\" alt=\"PDF\" width=\"16\" height=\"16\" \/> <a href=\"http:\/\/thpeat.com\/wp-content\/uploads\/2024\/09\/SDS-Black-peat.pdf\" target=\"_blank\" rel=\"noopener noreferrer\">Safety Data Sheet (SDS)<\/a>\n<p>&nbsp;<\/p>\n<strong>Tourbe de qualit\u00e9 extra fine<\/strong><br \/>\nLa tourbe de qualit\u00e9 extra fine est idyllique pour les lits de semis, les substrats en motte et l&rsquo;ensemencement hydraulique, ainsi que d&rsquo;autres applications o\u00f9 aucune contamination par b\u00e2ton\/brindille n&rsquo;est essentielle.\n<strong>Tourbe de qualit\u00e9 fine<\/strong><br \/>\nLa tourbe de qualit\u00e9 fine est prototypique pour l&rsquo;ensemencement hydraulique, la construction de greens de golf et les lits de p\u00e9pini\u00e8re, ainsi que d&rsquo;autres applications o\u00f9 une taille granulaire uniforme et une faible teneur en b\u00e2tonnets sont n\u00e9cessaires.\n<strong>Tourbe de qualit\u00e9 moyenne<\/strong><br \/>\nLa mousse de tourbe de qualit\u00e9 moyenne est id\u00e9ale pour les gestionnaires de p\u00e9pini\u00e8res et de serres aux c\u00f4t\u00e9s d&rsquo;autres horticulteurs professionnels qui ont besoin d&rsquo;un produit avec de petites quantit\u00e9s de b\u00e2tons et de p\u00e9pites tout en conservant une bonne structure de fibres pour permettre une absorption d&rsquo;eau \u00e9lev\u00e9e.\n<strong>Tourbe grossi\u00e8re<\/strong><br \/>\nLa mousse de tourbe grossi\u00e8re est id\u00e9ale pour la propagation des plantes. Il poss\u00e8de une excellente porosit\u00e9 remplie d&rsquo;air (AFP), permettant aux racines de cro\u00eetre et de se d\u00e9velopper \u00e0 leur capacit\u00e9 maximale. Les producteurs de champignons s&rsquo;y int\u00e9ressent pour sa structure fibreuse et ses propri\u00e9t\u00e9s d&rsquo;absorption d&rsquo;eau.\n<strong>Tourbe de qualit\u00e9 extra grossi\u00e8re<\/strong><br \/>\nLa mousse de tourbe de qualit\u00e9 extra grossi\u00e8re a la porosit\u00e9 remplie d&rsquo;air (AFP) la plus \u00e9lev\u00e9e pour l&rsquo;a\u00e9ration, le drainage et le d\u00e9veloppement de racines solides. Il est excellent pour la maturation des plantes.\n\n","protected":false},"excerpt":{"rendered":"<p>Chez Theriault &amp; Hachey Peat Moss Ltd., nous offrons une vari\u00e9t\u00e9 de qualit\u00e9s de tourbe de sphaigne canadienne de qualit\u00e9 sup\u00e9rieure pour tous vos besoins de croissance. De l&rsquo;extra fin \u00e0 l&rsquo;extra grossier, vous trouverez une qualit\u00e9 de tourbe con\u00e7ue pour n&rsquo;importe quelle \u00e9tape de plantation et environnement de sol. Analytical Details of Professional Grades&hellip;<\/p>\n","protected":false},"author":1,"featured_media":0,"parent":0,"menu_order":0,"comment_status":"open","ping_status":"open","template":"","meta":{"footnotes":""},"class_list":["post-147","page","type-page","status-publish","hentry"],"_links":{"self":[{"href":"https:\/\/thpeat.com\/fr\/wp-json\/wp\/v2\/pages\/147","targetHints":{"allow":["GET"]}}],"collection":[{"href":"https:\/\/thpeat.com\/fr\/wp-json\/wp\/v2\/pages"}],"about":[{"href":"https:\/\/thpeat.com\/fr\/wp-json\/wp\/v2\/types\/page"}],"author":[{"embeddable":true,"href":"https:\/\/thpeat.com\/fr\/wp-json\/wp\/v2\/users\/1"}],"replies":[{"embeddable":true,"href":"https:\/\/thpeat.com\/fr\/wp-json\/wp\/v2\/comments?post=147"}],"version-history":[{"count":11,"href":"https:\/\/thpeat.com\/fr\/wp-json\/wp\/v2\/pages\/147\/revisions"}],"predecessor-version":[{"id":1723,"href":"https:\/\/thpeat.com\/fr\/wp-json\/wp\/v2\/pages\/147\/revisions\/1723"}],"wp:attachment":[{"href":"https:\/\/thpeat.com\/fr\/wp-json\/wp\/v2\/media?parent=147"}],"curies":[{"name":"wp","href":"https:\/\/api.w.org\/{rel}","templated":true}]}}