{"id":428,"date":"2013-05-07T16:10:26","date_gmt":"2013-05-07T19:10:26","guid":{"rendered":"http:\/\/theriault-hachey.mightyhost.ca\/?page_id=428"},"modified":"2024-09-19T09:13:24","modified_gmt":"2024-09-19T12:13:24","slug":"growing-mixes-4","status":"publish","type":"page","link":"https:\/\/thpeat.com\/es\/growing-mixes-4\/","title":{"rendered":"Medios de Cultivo"},"content":{"rendered":"\n\n\t<h4><em>Utilice nuestras mezclas y sustratos de cultivo profesionales personalizados a base de turba; hecho con turba de sphagnum canadiense para ahorrarle tiempo y dinero. Nuestras mezclas personalizadas a base de turba est\u00e1n formuladas para un crecimiento \u00f3ptimo de los cultivos. Imagine aumentar sus rendimientos y potenciar tanto su productividad como sus resultados. Adem\u00e1s, un ciclo de crecimiento m\u00e1s corto reducir\u00e1 sus costos de capital y mano de obra, ahorr\u00e1ndole tiempo y dinero. \u00a1Sus cultivos merecen mezclas de cultivo de alta calidad!<\/em><\/h4>\n\t<meta itemscope itemprop=\"mainEntityOfPage\" itemtype=\"https:\/\/schema.org\/WebPage\" itemid=\"http:\/\/1904\" content=\"P-10 XF (Seedling Mix)\" \/><meta itemprop=\"datePublished\" content=\"2024-09-19\" \/><meta itemprop=\"dateModified\" content=\"2024-09-19\" \/><meta itemprop=\"name\" content=\"Theriault &amp; Hachey Peat Moss Ltd.\"\/><meta itemprop=\"url\" content=\"https:\/\/thpeat.com\/es\/author\/theriault-hachey-peat-moss-ltd\/\" \/><meta itemprop=\"name\" content=\"Theriault &amp; Hachey Peat Moss Ltd.\" \/><meta itemprop=\"interactionType\" content=\"https:\/\/schema.org\/CommentAction\" \/><meta itemprop=\"userInteractionCount\" content=\"0\" \/>\n\t\t\t\t<a href=\"https:\/\/thpeat.com\/es\/p-10-xf-seedling-mix\/\" target=\"_self\" itemprop=\"url\" rel=\"noopener\">\n\t\t\t\t<img loading=\"lazy\" decoding=\"async\" src=\"https:\/\/thpeat.com\/wp-content\/uploads\/2013\/05\/custom.png\" alt=\"TH-KB 20\" itemprop=\"image\" data-no-lazy=\"1\" height=\"300\" width=\"223\" title=\"TH-KB 20\" onerror=\"this.style.display='none'\"  \/>\n\t\t\t\t<\/a>\n\t\t\t\t\t\t\t\t\t<h3 itemprop=\"headline\">\n\t\t\t\t\t\t\t\t\t\t\t\t\t<a href=\"https:\/\/thpeat.com\/es\/p-10-xf-seedling-mix\/\" title=\"P-10 XF (Seedling Mix)\">\n\t\t\t\t\t\t\t\t\t\t\t\t\t\tP-10 XF (Seedling Mix)\t\t\t\t\t\t\t\t\t\t\t\t\t<\/a>\n\t\t\t\t\t\t\t\t\t\t\t<\/h3>\n    <a href=\"https:\/\/thpeat.com\/es\/p-10-xf-seedling-mix\/\" title=\"P-10 XF (Seedling Mix)\">View Product about P-10 XF (Seedling Mix)<\/a>\n\t<meta itemscope itemprop=\"mainEntityOfPage\" itemtype=\"https:\/\/schema.org\/WebPage\" itemid=\"http:\/\/1890\" content=\"KC-20\" \/><meta itemprop=\"datePublished\" content=\"2024-09-19\" \/><meta itemprop=\"dateModified\" content=\"2024-09-19\" \/><meta itemprop=\"name\" content=\"Theriault &amp; Hachey Peat Moss Ltd.\"\/><meta itemprop=\"url\" content=\"https:\/\/thpeat.com\/es\/author\/theriault-hachey-peat-moss-ltd\/\" \/><meta itemprop=\"name\" content=\"Theriault &amp; Hachey Peat Moss Ltd.\" \/><meta itemprop=\"interactionType\" content=\"https:\/\/schema.org\/CommentAction\" \/><meta itemprop=\"userInteractionCount\" content=\"0\" \/>\n\t\t\t\t<a href=\"https:\/\/thpeat.com\/es\/kc-20\/\" target=\"_self\" itemprop=\"url\" rel=\"noopener\">\n\t\t\t\t<img loading=\"lazy\" decoding=\"async\" src=\"https:\/\/thpeat.com\/wp-content\/uploads\/2013\/04\/pdf_icon.png\" alt=\"PDF\" itemprop=\"image\" data-no-lazy=\"1\" height=\"16\" width=\"16\" title=\"PDF\" onerror=\"this.style.display='none'\"  \/>\n\t\t\t\t<\/a>\n\t\t\t\t\t\t\t\t\t<h3 itemprop=\"headline\">\n\t\t\t\t\t\t\t\t\t\t\t\t\t<a href=\"https:\/\/thpeat.com\/es\/kc-20\/\" title=\"KC-20\">\n\t\t\t\t\t\t\t\t\t\t\t\t\t\tKC-20\t\t\t\t\t\t\t\t\t\t\t\t\t<\/a>\n\t\t\t\t\t\t\t\t\t\t\t<\/h3>\n    <a href=\"https:\/\/thpeat.com\/es\/kc-20\/\" title=\"KC-20\">View Product about KC-20<\/a>\n\t<meta itemscope itemprop=\"mainEntityOfPage\" itemtype=\"https:\/\/schema.org\/WebPage\" itemid=\"http:\/\/1875\" content=\"P-15 High Porosity Mix\" \/><meta itemprop=\"datePublished\" content=\"2024-09-18\" \/><meta itemprop=\"dateModified\" content=\"2024-09-18\" \/><meta itemprop=\"name\" content=\"Theriault &amp; Hachey Peat Moss Ltd.\"\/><meta itemprop=\"url\" content=\"https:\/\/thpeat.com\/es\/author\/theriault-hachey-peat-moss-ltd\/\" \/><meta itemprop=\"name\" content=\"Theriault &amp; Hachey Peat Moss Ltd.\" \/><meta itemprop=\"interactionType\" content=\"https:\/\/schema.org\/CommentAction\" \/><meta itemprop=\"userInteractionCount\" content=\"0\" \/>\n\t\t\t\t<a href=\"https:\/\/thpeat.com\/es\/p-15-high-porosity-mix\/\" target=\"_self\" itemprop=\"url\" rel=\"noopener\">\n\t\t\t\t<img decoding=\"async\" src=\"http:\/\/thpeat.com\/wp-content\/uploads\/2013\/05\/p15-214x300.png\" alt=\"\" itemprop=\"image\" data-no-lazy=\"1\" onerror=\"this.style.display='none'\"  \/>\n\t\t\t\t<\/a>\n\t\t\t\t\t\t\t\t\t<h3 itemprop=\"headline\">\n\t\t\t\t\t\t\t\t\t\t\t\t\t<a href=\"https:\/\/thpeat.com\/es\/p-15-high-porosity-mix\/\" title=\"P-15 High Porosity Mix\">\n\t\t\t\t\t\t\t\t\t\t\t\t\t\tP-15 High Porosity Mix\t\t\t\t\t\t\t\t\t\t\t\t\t<\/a>\n\t\t\t\t\t\t\t\t\t\t\t<\/h3>\n    <a href=\"https:\/\/thpeat.com\/es\/p-15-high-porosity-mix\/\" title=\"P-15 High Porosity Mix\">View Product about P-15 High Porosity Mix<\/a>\n\t<meta itemscope itemprop=\"mainEntityOfPage\" itemtype=\"https:\/\/schema.org\/WebPage\" itemid=\"http:\/\/1861\" content=\"Euro-XF Germinating Mix\" \/><meta itemprop=\"datePublished\" content=\"2024-09-18\" \/><meta itemprop=\"dateModified\" content=\"2024-09-18\" \/><meta itemprop=\"name\" content=\"Theriault &amp; Hachey Peat Moss Ltd.\"\/><meta itemprop=\"url\" content=\"https:\/\/thpeat.com\/es\/author\/theriault-hachey-peat-moss-ltd\/\" \/><meta itemprop=\"name\" content=\"Theriault &amp; Hachey Peat Moss Ltd.\" \/><meta itemprop=\"interactionType\" content=\"https:\/\/schema.org\/CommentAction\" \/><meta itemprop=\"userInteractionCount\" content=\"0\" \/>\n\t\t\t\t<a href=\"https:\/\/thpeat.com\/es\/euro-xf-germinating-mix\/\" target=\"_self\" itemprop=\"url\" rel=\"noopener\">\n\t\t\t\t<img loading=\"lazy\" decoding=\"async\" src=\"https:\/\/thpeat.com\/wp-content\/uploads\/2013\/07\/euromix.jpg\" alt=\"euromix\" itemprop=\"image\" data-no-lazy=\"1\" height=\"308\" width=\"223\" title=\"euromix\" onerror=\"this.style.display='none'\"  \/>\n\t\t\t\t<\/a>\n\t\t\t\t\t\t\t\t\t<h3 itemprop=\"headline\">\n\t\t\t\t\t\t\t\t\t\t\t\t\t<a href=\"https:\/\/thpeat.com\/es\/euro-xf-germinating-mix\/\" title=\"Euro-XF Germinating Mix\">\n\t\t\t\t\t\t\t\t\t\t\t\t\t\tEuro-XF Germinating Mix\t\t\t\t\t\t\t\t\t\t\t\t\t<\/a>\n\t\t\t\t\t\t\t\t\t\t\t<\/h3>\n    <a href=\"https:\/\/thpeat.com\/es\/euro-xf-germinating-mix\/\" title=\"Euro-XF Germinating Mix\">View Product about Euro-XF Germinating Mix<\/a>\n\t<meta itemscope itemprop=\"mainEntityOfPage\" itemtype=\"https:\/\/schema.org\/WebPage\" itemid=\"http:\/\/1847\" content=\"Euro-XCC All-Purpose\" \/><meta itemprop=\"datePublished\" content=\"2024-09-18\" \/><meta itemprop=\"dateModified\" content=\"2024-09-18\" \/><meta itemprop=\"name\" content=\"Theriault &amp; Hachey Peat Moss Ltd.\"\/><meta itemprop=\"url\" content=\"https:\/\/thpeat.com\/es\/author\/theriault-hachey-peat-moss-ltd\/\" \/><meta itemprop=\"name\" content=\"Theriault &amp; Hachey Peat Moss Ltd.\" \/><meta itemprop=\"interactionType\" content=\"https:\/\/schema.org\/CommentAction\" \/><meta itemprop=\"userInteractionCount\" content=\"0\" \/>\n\t\t\t\t<a href=\"https:\/\/thpeat.com\/es\/euro-xcc-all-purpose\/\" target=\"_self\" itemprop=\"url\" rel=\"noopener\">\n\t\t\t\t<img loading=\"lazy\" decoding=\"async\" src=\"https:\/\/thpeat.com\/wp-content\/uploads\/2013\/07\/euromix.jpg\" alt=\"euromix\" itemprop=\"image\" data-no-lazy=\"1\" height=\"308\" width=\"223\" title=\"euromix\" onerror=\"this.style.display='none'\"  \/>\n\t\t\t\t<\/a>\n\t\t\t\t\t\t\t\t\t<h3 itemprop=\"headline\">\n\t\t\t\t\t\t\t\t\t\t\t\t\t<a href=\"https:\/\/thpeat.com\/es\/euro-xcc-all-purpose\/\" title=\"Euro-XCC All-Purpose\">\n\t\t\t\t\t\t\t\t\t\t\t\t\t\tEuro-XCC All-Purpose\t\t\t\t\t\t\t\t\t\t\t\t\t<\/a>\n\t\t\t\t\t\t\t\t\t\t\t<\/h3>\n    <a href=\"https:\/\/thpeat.com\/es\/euro-xcc-all-purpose\/\" title=\"Euro-XCC All-Purpose\">View Product about Euro-XCC All-Purpose<\/a>\n\t<meta itemscope itemprop=\"mainEntityOfPage\" itemtype=\"https:\/\/schema.org\/WebPage\" itemid=\"http:\/\/1833\" content=\"Musgo de turba con pH ajustado\" \/><meta itemprop=\"datePublished\" content=\"2024-09-18\" \/><meta itemprop=\"dateModified\" content=\"2024-09-18\" \/><meta itemprop=\"name\" content=\"Theriault &amp; Hachey Peat Moss Ltd.\"\/><meta itemprop=\"url\" content=\"https:\/\/thpeat.com\/es\/author\/theriault-hachey-peat-moss-ltd\/\" \/><meta itemprop=\"name\" content=\"Theriault &amp; Hachey Peat Moss Ltd.\" \/><meta itemprop=\"interactionType\" content=\"https:\/\/schema.org\/CommentAction\" \/><meta itemprop=\"userInteractionCount\" content=\"0\" \/>\n\t\t\t\t<a href=\"https:\/\/thpeat.com\/es\/musgo-de-turba-con-ph-ajustado\/\" target=\"_self\" itemprop=\"url\" rel=\"noopener\">\n\t\t\t\t<img loading=\"lazy\" decoding=\"async\" src=\"https:\/\/thpeat.com\/wp-content\/uploads\/2013\/05\/ph.png\" alt=\"ph\" itemprop=\"image\" data-no-lazy=\"1\" height=\"300\" width=\"225\" title=\"ph\" onerror=\"this.style.display='none'\"  \/>\n\t\t\t\t<\/a>\n\t\t\t\t\t\t\t\t\t<h3 itemprop=\"headline\">\n\t\t\t\t\t\t\t\t\t\t\t\t\t<a href=\"https:\/\/thpeat.com\/es\/musgo-de-turba-con-ph-ajustado\/\" title=\"Musgo de turba con pH ajustado\">\n\t\t\t\t\t\t\t\t\t\t\t\t\t\tMusgo de turba con pH ajustado\t\t\t\t\t\t\t\t\t\t\t\t\t<\/a>\n\t\t\t\t\t\t\t\t\t\t\t<\/h3>\n    <a href=\"https:\/\/thpeat.com\/es\/musgo-de-turba-con-ph-ajustado\/\" title=\"Musgo de turba con pH ajustado\">View Product about Musgo de turba con pH ajustado<\/a>\n\t<meta itemscope itemprop=\"mainEntityOfPage\" itemtype=\"https:\/\/schema.org\/WebPage\" itemid=\"http:\/\/1817\" content=\"TH - Mezcla de cultivo personalizada\" \/><meta itemprop=\"datePublished\" content=\"2024-09-18\" \/><meta itemprop=\"dateModified\" content=\"2024-09-18\" \/><meta itemprop=\"name\" content=\"Theriault &amp; Hachey Peat Moss Ltd.\"\/><meta itemprop=\"url\" content=\"https:\/\/thpeat.com\/es\/author\/theriault-hachey-peat-moss-ltd\/\" \/><meta itemprop=\"name\" content=\"Theriault &amp; Hachey Peat Moss Ltd.\" \/><meta itemprop=\"interactionType\" content=\"https:\/\/schema.org\/CommentAction\" \/><meta itemprop=\"userInteractionCount\" content=\"0\" \/>\n\t\t\t\t<a href=\"https:\/\/thpeat.com\/es\/th-mezcla-de-cultivo-personalizada\/\" target=\"_self\" itemprop=\"url\" rel=\"noopener\">\n\t\t\t\t<img loading=\"lazy\" decoding=\"async\" src=\"https:\/\/thpeat.com\/wp-content\/uploads\/2013\/05\/custom.png\" alt=\"TH-KB 20\" itemprop=\"image\" data-no-lazy=\"1\" height=\"300\" width=\"223\" title=\"TH-KB 20\" onerror=\"this.style.display='none'\"  \/>\n\t\t\t\t<\/a>\n\t\t\t\t\t\t\t\t\t<h3 itemprop=\"headline\">\n\t\t\t\t\t\t\t\t\t\t\t\t\t<a href=\"https:\/\/thpeat.com\/es\/th-mezcla-de-cultivo-personalizada\/\" title=\"TH - Mezcla de cultivo personalizada\">\n\t\t\t\t\t\t\t\t\t\t\t\t\t\tTH &#8211; Mezcla de cultivo personalizada\t\t\t\t\t\t\t\t\t\t\t\t\t<\/a>\n\t\t\t\t\t\t\t\t\t\t\t<\/h3>\n    <a href=\"https:\/\/thpeat.com\/es\/th-mezcla-de-cultivo-personalizada\/\" title=\"TH - Mezcla de cultivo personalizada\">View Product about TH &#8211; Mezcla de cultivo personalizada<\/a>\n\t<meta itemscope itemprop=\"mainEntityOfPage\" itemtype=\"https:\/\/schema.org\/WebPage\" itemid=\"http:\/\/1803\" content=\"TH-6 Mezcla profesional con un alto grado de porosidad de aire\" \/><meta itemprop=\"datePublished\" content=\"2024-09-18\" \/><meta itemprop=\"dateModified\" content=\"2024-09-18\" \/><meta itemprop=\"name\" content=\"Theriault &amp; Hachey Peat Moss Ltd.\"\/><meta itemprop=\"url\" content=\"https:\/\/thpeat.com\/es\/author\/theriault-hachey-peat-moss-ltd\/\" \/><meta itemprop=\"name\" content=\"Theriault &amp; Hachey Peat Moss Ltd.\" \/><meta itemprop=\"interactionType\" content=\"https:\/\/schema.org\/CommentAction\" \/><meta itemprop=\"userInteractionCount\" content=\"0\" \/>\n\t\t\t\t<a href=\"https:\/\/thpeat.com\/es\/th-6-mezcla-profesional-con-un-alto-grado-de-porosidad-de-aire\/\" target=\"_self\" itemprop=\"url\" rel=\"noopener\">\n\t\t\t\t<img loading=\"lazy\" decoding=\"async\" src=\"https:\/\/thpeat.com\/wp-content\/uploads\/2013\/05\/th6.png\" alt=\"th6\" itemprop=\"image\" data-no-lazy=\"1\" height=\"300\" width=\"224\" title=\"th6\" onerror=\"this.style.display='none'\"  \/>\n\t\t\t\t<\/a>\n\t\t\t\t\t\t\t\t\t<h3 itemprop=\"headline\">\n\t\t\t\t\t\t\t\t\t\t\t\t\t<a href=\"https:\/\/thpeat.com\/es\/th-6-mezcla-profesional-con-un-alto-grado-de-porosidad-de-aire\/\" title=\"TH-6 Mezcla profesional con un alto grado de porosidad de aire\">\n\t\t\t\t\t\t\t\t\t\t\t\t\t\tTH-6 Mezcla profesional con un alto grado de porosidad de aire\t\t\t\t\t\t\t\t\t\t\t\t\t<\/a>\n\t\t\t\t\t\t\t\t\t\t\t<\/h3>\n    <a href=\"https:\/\/thpeat.com\/es\/th-6-mezcla-profesional-con-un-alto-grado-de-porosidad-de-aire\/\" title=\"TH-6 Mezcla profesional con un alto grado de porosidad de aire\">View Product about TH-6 Mezcla profesional con un alto grado de porosidad de aire<\/a>\n\t<meta itemscope itemprop=\"mainEntityOfPage\" itemtype=\"https:\/\/schema.org\/WebPage\" itemid=\"http:\/\/1788\" content=\"TH-2 Mezcla de germinaci\u00f3n profesional\" \/><meta itemprop=\"datePublished\" content=\"2024-09-18\" \/><meta itemprop=\"dateModified\" content=\"2024-09-18\" \/><meta itemprop=\"name\" content=\"Theriault &amp; Hachey Peat Moss Ltd.\"\/><meta itemprop=\"url\" content=\"https:\/\/thpeat.com\/es\/author\/theriault-hachey-peat-moss-ltd\/\" \/><meta itemprop=\"name\" content=\"Theriault &amp; Hachey Peat Moss Ltd.\" \/><meta itemprop=\"interactionType\" content=\"https:\/\/schema.org\/CommentAction\" \/><meta itemprop=\"userInteractionCount\" content=\"0\" \/>\n\t\t\t\t<a href=\"https:\/\/thpeat.com\/es\/th-2-mezcla-de-germinacion-profesional\/\" target=\"_self\" itemprop=\"url\" rel=\"noopener\">\n\t\t\t\t<img loading=\"lazy\" decoding=\"async\" src=\"https:\/\/thpeat.com\/wp-content\/uploads\/2013\/05\/th2.png\" alt=\"th2\" itemprop=\"image\" data-no-lazy=\"1\" height=\"300\" width=\"224\" title=\"th2\" onerror=\"this.style.display='none'\"  \/>\n\t\t\t\t<\/a>\n\t\t\t\t\t\t\t\t\t<h3 itemprop=\"headline\">\n\t\t\t\t\t\t\t\t\t\t\t\t\t<a href=\"https:\/\/thpeat.com\/es\/th-2-mezcla-de-germinacion-profesional\/\" title=\"TH-2 Mezcla de germinaci\u00f3n profesional\">\n\t\t\t\t\t\t\t\t\t\t\t\t\t\tTH-2 Mezcla de germinaci\u00f3n profesional\t\t\t\t\t\t\t\t\t\t\t\t\t<\/a>\n\t\t\t\t\t\t\t\t\t\t\t<\/h3>\n    <a href=\"https:\/\/thpeat.com\/es\/th-2-mezcla-de-germinacion-profesional\/\" title=\"TH-2 Mezcla de germinaci\u00f3n profesional\">View Product about TH-2 Mezcla de germinaci\u00f3n profesional<\/a>\n\t<meta itemscope itemprop=\"mainEntityOfPage\" itemtype=\"https:\/\/schema.org\/WebPage\" itemid=\"http:\/\/1773\" content=\"TH-1 Mezcla de cultivo profesional de usos m\u00faltiples\" \/><meta itemprop=\"datePublished\" content=\"2024-09-18\" \/><meta itemprop=\"dateModified\" content=\"2024-09-18\" \/><meta itemprop=\"name\" content=\"Theriault &amp; Hachey Peat Moss Ltd.\"\/><meta itemprop=\"url\" content=\"https:\/\/thpeat.com\/es\/author\/theriault-hachey-peat-moss-ltd\/\" \/><meta itemprop=\"name\" content=\"Theriault &amp; Hachey Peat Moss Ltd.\" \/><meta itemprop=\"interactionType\" content=\"https:\/\/schema.org\/CommentAction\" \/><meta itemprop=\"userInteractionCount\" content=\"0\" \/>\n\t\t\t\t<a href=\"https:\/\/thpeat.com\/es\/th-1-mezcla-de-cultivo-profesional-de-usos-multiples\/\" target=\"_self\" itemprop=\"url\" rel=\"noopener\">\n\t\t\t\t<img loading=\"lazy\" decoding=\"async\" src=\"https:\/\/thpeat.com\/wp-content\/uploads\/2013\/05\/th1.png\" alt=\"th1\" itemprop=\"image\" data-no-lazy=\"1\" height=\"293\" width=\"233\" title=\"th1\" onerror=\"this.style.display='none'\"  \/>\n\t\t\t\t<\/a>\n\t\t\t\t\t\t\t\t\t<h3 itemprop=\"headline\">\n\t\t\t\t\t\t\t\t\t\t\t\t\t<a href=\"https:\/\/thpeat.com\/es\/th-1-mezcla-de-cultivo-profesional-de-usos-multiples\/\" title=\"TH-1 Mezcla de cultivo profesional de usos m\u00faltiples\">\n\t\t\t\t\t\t\t\t\t\t\t\t\t\tTH-1 Mezcla de cultivo profesional de usos m\u00faltiples\t\t\t\t\t\t\t\t\t\t\t\t\t<\/a>\n\t\t\t\t\t\t\t\t\t\t\t<\/h3>\n    <a href=\"https:\/\/thpeat.com\/es\/th-1-mezcla-de-cultivo-profesional-de-usos-multiples\/\" title=\"TH-1 Mezcla de cultivo profesional de usos m\u00faltiples\">View Product about TH-1 Mezcla de cultivo profesional de usos m\u00faltiples<\/a>\n\t<meta itemscope itemprop=\"mainEntityOfPage\" itemtype=\"https:\/\/schema.org\/WebPage\" itemid=\"http:\/\/1758\" content=\"TH-5\" \/><meta itemprop=\"datePublished\" content=\"2024-09-18\" \/><meta itemprop=\"dateModified\" content=\"2024-09-18\" \/><meta itemprop=\"name\" content=\"Theriault &amp; Hachey Peat Moss Ltd.\"\/><meta itemprop=\"url\" content=\"https:\/\/thpeat.com\/es\/author\/theriault-hachey-peat-moss-ltd\/\" \/><meta itemprop=\"name\" content=\"Theriault &amp; Hachey Peat Moss Ltd.\" \/><meta itemprop=\"interactionType\" content=\"https:\/\/schema.org\/CommentAction\" \/><meta itemprop=\"userInteractionCount\" content=\"0\" \/>\n\t\t\t\t<a href=\"https:\/\/thpeat.com\/es\/th-5\/\" target=\"_self\" itemprop=\"url\" rel=\"noopener\">\n\t\t\t\t<img decoding=\"async\" src=\"https:\/\/thpeat.com\/wp-content\/plugins\/bbpowerpack\/modules\/pp-content-grid\/images\/placeholder.jpg\" alt=\"\" itemprop=\"image\" data-no-lazy=\"1\" onerror=\"this.style.display='none'\"  \/>\n\t\t\t\t<\/a>\n\t\t\t\t\t\t\t\t\t<h3 itemprop=\"headline\">\n\t\t\t\t\t\t\t\t\t\t\t\t\t<a href=\"https:\/\/thpeat.com\/es\/th-5\/\" title=\"TH-5\">\n\t\t\t\t\t\t\t\t\t\t\t\t\t\tTH-5\t\t\t\t\t\t\t\t\t\t\t\t\t<\/a>\n\t\t\t\t\t\t\t\t\t\t\t<\/h3>\n    <a href=\"https:\/\/thpeat.com\/es\/th-5\/\" title=\"TH-5\">View Product about TH-5<\/a>\n\t\t<!-- .pp-content-posts -->\n\n","protected":false},"excerpt":{"rendered":"<p>Utilice nuestras mezclas y sustratos de cultivo profesionales personalizados a base de turba; hecho con turba de sphagnum canadiense para ahorrarle tiempo y dinero. Nuestras mezclas personalizadas a base de turba est\u00e1n formuladas para un crecimiento \u00f3ptimo de los cultivos. Imagine aumentar sus rendimientos y potenciar tanto su productividad como sus resultados. Adem\u00e1s, un ciclo&hellip;<\/p>\n","protected":false},"author":1,"featured_media":0,"parent":0,"menu_order":0,"comment_status":"open","ping_status":"open","template":"","meta":{"footnotes":""},"class_list":["post-428","page","type-page","status-publish","hentry"],"_links":{"self":[{"href":"https:\/\/thpeat.com\/es\/wp-json\/wp\/v2\/pages\/428","targetHints":{"allow":["GET"]}}],"collection":[{"href":"https:\/\/thpeat.com\/es\/wp-json\/wp\/v2\/pages"}],"about":[{"href":"https:\/\/thpeat.com\/es\/wp-json\/wp\/v2\/types\/page"}],"author":[{"embeddable":true,"href":"https:\/\/thpeat.com\/es\/wp-json\/wp\/v2\/users\/1"}],"replies":[{"embeddable":true,"href":"https:\/\/thpeat.com\/es\/wp-json\/wp\/v2\/comments?post=428"}],"version-history":[{"count":6,"href":"https:\/\/thpeat.com\/es\/wp-json\/wp\/v2\/pages\/428\/revisions"}],"predecessor-version":[{"id":1922,"href":"https:\/\/thpeat.com\/es\/wp-json\/wp\/v2\/pages\/428\/revisions\/1922"}],"wp:attachment":[{"href":"https:\/\/thpeat.com\/es\/wp-json\/wp\/v2\/media?parent=428"}],"curies":[{"name":"wp","href":"https:\/\/api.w.org\/{rel}","templated":true}]}}