{"id":418,"date":"2013-05-07T16:08:37","date_gmt":"2013-05-07T19:08:37","guid":{"rendered":"http:\/\/theriault-hachey.mightyhost.ca\/?page_id=418"},"modified":"2022-05-10T12:45:59","modified_gmt":"2022-05-10T15:45:59","slug":"growing-tips-4","status":"publish","type":"page","link":"https:\/\/thpeat.com\/es\/growing-tips-4\/","title":{"rendered":"Consejo"},"content":{"rendered":"\n\n\t<p>La producci\u00f3n saludable de plantas comienza con una mezcla de crecimiento saludable. Tener el conocimiento para elegir la mezcla correcta para su cultivo puede ser de gran ayuda para afectar su balance final. Los siguientes son algunos consejos importantes para que los productores seleccionen la mezcla de cultivo adecuada y logren un alto nivel de \u00e9xito en la producci\u00f3n de cultivos.<\/p>\n<ol>\n<li>Compre sus mezclas de cultivo de un productor de mezclas de cultivo de confianza. Esto le ayudar\u00e1 a tener una mezcla de cultivo de calidad comprobada con propiedades consistentemente uniformes dentro y entre lotes como se indica en las especificaciones del producto. Esto es muy importante para evitar problemas agron\u00f3micos innecesarios.<\/li>\n<li>Elija su mezcla de cultivo espec\u00edfica o solicite una mezcla personalizada que tenga las siguientes propiedades importantes para los cultivos que se cultivan y las condiciones culturales espec\u00edficas en las que se utilizar\u00e1 el sustrato.\n<ul>\n<li>Requisitos de los cultivos cultivados:<br \/>\nLos medios de cultivo se utilizan para cultivar una amplia variedad de plantas, incluidas hortalizas, frutas, plantas ornamentales de floricultura y plantas especiales. La selecci\u00f3n de los componentes y propiedades de los medios adecuados es fundamental para la producci\u00f3n exitosa de plantas. Una mezcla de mayor calidad tiene las siguientes propiedades qu\u00edmicas y f\u00edsicas a niveles \u00f3ptimos para cumplir con los requisitos del cultivo para proporcionar una mejor capacidad de retenci\u00f3n de nutrientes y un buen equilibrio agua\/aire (ox\u00edgeno) del suelo.\n<ul>\n<li>Propiedades qu\u00edmicas de la mezcla de cultivo: rango de pH, conductividad el\u00e9ctrica (E.C o concentraci\u00f3n de fertilizante),<\/li>\n<li>Propiedades f\u00edsicas de la mezcla de cultivo: capacidad de retenci\u00f3n de agua, porosidad llena de aire (espacio de aire), densidad aparente y estabilidad del medio\n<ul>\n<li>Los sustratos deben estar bien drenados y aun as\u00ed retener suficiente agua para reducir la frecuencia de riego. En la producci\u00f3n en invernadero, es importante que el sustrato tenga buenas caracter\u00edsticas estructurales, para que pueda soportar riegos frecuentes, crecimiento de ra\u00edces y cambios de temperatura durante la vida del cultivo. Al mismo tiempo, debe servir como reservorio de agua y nutrientes y ser capaz de permitir el intercambio de aire entre el sistema radicular y el medio a\u00e9reo.<\/li>\n<li>Condiciones existentes en su situaci\u00f3n de cultivo:\n<ul>\n<li>Calidad del agua de riego:<br \/>\nEs muy importante analizar su agua de riego y conocer el nivel de pH y alcalinidad. Preste m\u00e1s atenci\u00f3n al pH del sustrato y las deficiencias de nutrientes si su agua de riego tiene una alcalinidad alta. (Una prueba de alcalinidad mide el nivel de bicarbonatos, carbonatos e hidr\u00f3xidos en el agua y los resultados de la prueba generalmente se expresan como &#8220;ppm de carbonato de calcio (CaCO3). El rango deseable para el agua de riego es de 0 a 100 ppm de carbonato de calcio. Los niveles entre 30 y 60 ppm se consideran \u00f3ptimos para la mayor\u00eda de las plantas La alta alcalinidad y el riego con pH alto pueden aumentar significativamente el pH del medio de cultivo con el tiempo.<br \/>\nPor lo tanto, comprenda los requisitos de pH de los cultivos que cultiva (Tabla 1). Algunos cultivos prefieren un pH m\u00e1s bajo. Si el pH del sustrato es demasiado alto, estos cultivos mostrar\u00e1n s\u00edntomas de deficiencia de hierro y micronutrientes, m\u00e1s com\u00fanmente expresados \u200b\u200bcomo clorosis intervenal de las hojas j\u00f3venes. Algunos otros cultivos prefieren un pH m\u00e1s alto (generalmente por encima de 6,0), donde el hierro y el manganeso est\u00e1n menos disponibles. Si el pH del sustrato es demasiado bajo, mostrar\u00e1n s\u00edntomas de toxicidad por micronutrientes, m\u00e1s com\u00fanmente expresados \u200b\u200bcomo manchas necr\u00f3ticas en las hojas inferiores. (Referencia: <a href=\"https:\/\/www.canr.msu.edu\/news\/managing_substrate_ph_of_soilless_substrates\">https:\/\/www.canr.msu.edu\/news\/managing_substrate_ph_of_soilless_substrates<\/a>)<\/li>\n<\/ul>\n<\/li>\n<\/ul>\n<\/li>\n<\/ul>\n<\/li>\n<\/ul>\n<\/li>\n<\/ol>\n<p>&nbsp;<\/p>\n<p><img loading=\"lazy\" decoding=\"async\" src=\"https:\/\/thpeat.com\/wp-content\/uploads\/2022\/05\/Table-1-EN-1-300x215.png\" alt=\"\" width=\"352\" height=\"252\" \/><\/p>\n<ul>\n<li>El pH de equilibrio en nuestras mezclas de cultivo regulares est\u00e1 en el rango de 5.3-6.3.<\/li>\n<li>Cuando estas mezclas se usan para crecer por encima de las plantas amantes del pH bajo o alto, es posible que se necesiten algunos ajustes para corregir el pH, especialmente cuando tiene problemas con la calidad del agua de riego o los tipos de fertilizantes que usa.<\/li>\n<li>Brindamos el soporte t\u00e9cnico necesario y\/o podemos producirle una orden de mezcla personalizada para cumplir con los requisitos de pH del cultivo.<\/li>\n<\/ul>\n<p>&nbsp;<\/p>\n<ol start=\"3\">\n<li>Cultivo en invernadero\/al aire libre:<\/li>\n<\/ol>\n<ul>\n<li>Si eres un cultivador de exterior o tienes tendencia a regar en exceso utiliza una mezcla con alta porosidad para ayudar al drenaje.<\/li>\n<\/ul>\n<p>&nbsp;<\/p>\n<p>&nbsp;<\/p>\n<p>&nbsp;<\/p>\n<p><strong><u>Otros consejos generales<\/u><\/strong><\/p>\n\u2022 Planifique y ordene sus requisitos de mezcla de crecimiento por adelantado. Esto evitar\u00e1 retrasos en el suministro durante el per\u00edodo de m\u00e1xima demanda.<br \/>\n\u2022 Adem\u00e1s, es una buena idea solicitar una muestra y probarla en sus condiciones de cultivo antes de pedir un nuevo producto.<br \/>\n\u2022 Humedezca el medio antes de sembrar para expandir el espacio de los poros. Adem\u00e1s, preste mucha atenci\u00f3n al llenar ollas y bandejas. Evite compactar el sustrato en contenedores para optimizar la porosidad. La compactaci\u00f3n de los medios no es buena porque reduce el espacio de aire. La aireaci\u00f3n de las ra\u00edces es muy importante.<br \/>\n\u2022 La mayor\u00eda de los medios de cultivo contienen cargas de fertilizantes de inicio que se incorporan para ayudar a las plantas a aclimatarse despu\u00e9s de la siembra inicial, lo suficiente para las dos primeras semanas. Es importante iniciar un patr\u00f3n adecuado de manejo de fertilizantes durante el ciclo de cultivo.<br \/>\n\u2022 Pruebe sus medios de cultivo, agua de riego y tejidos vegetales peri\u00f3dicamente desde un laboratorio de horticultura durante el cultivo. Porque el pH, la CE y el contenido de nutrientes del medio de cultivo cambiar\u00e1n con la aplicaci\u00f3n de fertilizantes, el agua de riego y la absorci\u00f3n de nutrientes por parte de las plantas. Las pruebas peri\u00f3dicas son una herramienta invaluable para monitorear los requisitos de los cultivos y establecer tendencias de crecimiento. Con an\u00e1lisis de laboratorio, los productores pueden hacer peque\u00f1as modificaciones, si es necesario, durante el ciclo de cultivo para afinar las pr\u00e1cticas culturales y lograr el mejor rendimiento de los medios de cultivo.<br \/>\n\u2022 Optimice la eficiencia del sistema de circulaci\u00f3n de aire de su invernadero para un crecimiento saludable de las plantas<br \/>\n\u2022 El saneamiento adecuado del invernadero reduce el riesgo de problemas de plagas, enfermedades y malas hierbas.<br \/>\n\u2022 Si usted es un &#8220;cultivador en seco&#8221; (cultivadores que riegan menos agua pero riegan con m\u00e1s frecuencia), lixivie sus medios de cultivo varias veces durante la producci\u00f3n para evitar la acumulaci\u00f3n de sal.<br \/>\n\u2022 Revise las plantas con regularidad para ver si hay da\u00f1os en las ra\u00edces o si hay ra\u00edces sanas y activas. La salud de la ra\u00edz es un buen indicador de la salud general de la planta.<br \/>\n\u2022 Mantenga registros detallados de su gesti\u00f3n diaria de cultivos para optimizar sus procedimientos de cultivo y sus habilidades de gesti\u00f3n de cultivos.\n\n","protected":false},"excerpt":{"rendered":"<p>La producci\u00f3n saludable de plantas comienza con una mezcla de crecimiento saludable. Tener el conocimiento para elegir la mezcla correcta para su cultivo puede ser de gran ayuda para afectar su balance final. Los siguientes son algunos consejos importantes para que los productores seleccionen la mezcla de cultivo adecuada y logren un alto nivel de&hellip;<\/p>\n","protected":false},"author":1,"featured_media":0,"parent":0,"menu_order":0,"comment_status":"open","ping_status":"open","template":"","meta":{"footnotes":""},"class_list":["post-418","page","type-page","status-publish","hentry"],"_links":{"self":[{"href":"https:\/\/thpeat.com\/es\/wp-json\/wp\/v2\/pages\/418","targetHints":{"allow":["GET"]}}],"collection":[{"href":"https:\/\/thpeat.com\/es\/wp-json\/wp\/v2\/pages"}],"about":[{"href":"https:\/\/thpeat.com\/es\/wp-json\/wp\/v2\/types\/page"}],"author":[{"embeddable":true,"href":"https:\/\/thpeat.com\/es\/wp-json\/wp\/v2\/users\/1"}],"replies":[{"embeddable":true,"href":"https:\/\/thpeat.com\/es\/wp-json\/wp\/v2\/comments?post=418"}],"version-history":[{"count":5,"href":"https:\/\/thpeat.com\/es\/wp-json\/wp\/v2\/pages\/418\/revisions"}],"predecessor-version":[{"id":1592,"href":"https:\/\/thpeat.com\/es\/wp-json\/wp\/v2\/pages\/418\/revisions\/1592"}],"wp:attachment":[{"href":"https:\/\/thpeat.com\/es\/wp-json\/wp\/v2\/media?parent=418"}],"curies":[{"name":"wp","href":"https:\/\/api.w.org\/{rel}","templated":true}]}}