{"id":379,"date":"2013-05-07T11:51:08","date_gmt":"2013-05-07T14:51:08","guid":{"rendered":"http:\/\/theriault-hachey.mightyhost.ca\/?page_id=379"},"modified":"2019-09-26T10:19:32","modified_gmt":"2019-09-26T13:19:32","slug":"about-3","status":"publish","type":"page","link":"https:\/\/thpeat.com\/es\/about-3\/","title":{"rendered":"Acerca de nosotros"},"content":{"rendered":"\n\t<p><strong><img loading=\"lazy\" decoding=\"async\" src=\"http:\/\/thpeat.com\/wp-content\/uploads\/2013\/04\/sunflower.jpg\" alt=\"Theriault &amp; Hachey Peat Moss Ltd.\" width=\"350\" height=\"233\" \/>Musgo de turba (peat moss) de calidad Premium para su negocio de cultivo<\/strong><\/p>\n<p>Por m\u00e1s de 40 a\u00f1os, Theriault &amp; Hachey Peatmoss Limited ha sido el proveedor preferido por las industrias hort\u00edcola y seta, ofreciendo a sus clientes productos de la m\u00e1s alta calidad combinados con excelente atenci\u00f3n y respaldo. No somos una corporaci\u00f3n sin rostro. Trabajamos directamente con usted para resolver todas sus necesidades.<\/p>\n<p><strong>Mezclas personalizadas a base de turba para cultivo de plantas vigorosas<\/strong><\/p>\n<p>Adem\u00e1s de producir mezclas regulares para cultivo con base de turba, utilizando la m\u00e1s alta calidad, Theriault &amp; Hachey Peatmoss Limited tambi\u00e9n fabrica mezcla de sustratos. Nuestra l\u00ednea de mezclas de avanzada tecnolog\u00eda, le proporcionar\u00e1 mezclas para cultivo \u00fanicas de acuerdo a sus necesidades de cosecha o planta espec\u00edfica; reduciendo su ciclo de crecimiento.<\/p>\n<p><strong>Ahorro de tiempo y dinero<\/strong><\/p>\n<p>Los clientes nos comentan que nuestros productos son muy rentables. Nuestras mezclas personalizadas a base turba est\u00e1n formuladas para optimizar la planta y el crecimiento en la cosecha. Imagine, aumentar sus utilidades e incrementar tanto su productividad como sus metas. Adem\u00e1s, un ciclo de crecimiento menor, bajar\u00e1 su capital y costos de mano de obra, ahorrando tiempo y dinero.<\/p>\n<p><strong>Obtenga solo lo que necesita<\/strong><\/p>\n<p>A diferencia de nuestra competencia, usted no tiene que ordenar una gran cantidad de la mezcla personalizada que requiere. As\u00ed que, si necesita 18 o 1,800 tarimas, estaremos felices de producir la mezcla personalizada para usted.<\/p>\n<p><strong>\u00bfPor qu\u00e9 una mezcla de cultivo Theriault &amp; Hachey Peatmoss Limited?<\/strong><\/p>\n<ul>\n<li>La avanzada tecnolog\u00eda de la l\u00ednea Slootweg para mezcla, asegura que usted obtenga sustratos superiores.<\/li>\n<li>Nuestra l\u00ednea de mezcla es auto-limpiable, reduciendo la contaminaci\u00f3n y permitiendo agilizar los cambios de producto, por tal motivo podemos realizar mezclas personalizadas de cultivo en peque\u00f1as cantidades.<\/li>\n<li>Nuestro agr\u00f3nomo puede formular recetas para acelerar el crecimiento de su cosecha o podemos producir una mezcla personalizada de acuerdo a sus especificaciones; dicha formula ser\u00eda certificada por \u00e9l Dr. Ranasinghe.<\/li>\n<li>Un riguroso monitoreo al control de calidad asegura los mejores resultados, produciendo un producto conveniente, con \u00e9l cual usted sentir\u00e1 la confianza al utilizarlo.<\/li>\n<li>Atenci\u00f3n personalizada: Trabajamos con usted en una base de uno a uno para dirigirnos a todas las necesidades de su planta al cultivarla.<\/li>\n<li>Nuestras avanzadas y profesionales mezclas de cultivo permiten mejorar el desarrollo m\u00e1s sano de la ra\u00edz para reducir la tensi\u00f3n de trasplante, aumentando el rango de \u00e9xito.<\/li>\n<\/ul>\n","protected":false},"excerpt":{"rendered":"<p>Musgo de turba (peat moss) de calidad Premium para su negocio de cultivo Por m\u00e1s de 40 a\u00f1os, Theriault &amp; Hachey Peatmoss Limited ha sido el proveedor preferido por las industrias hort\u00edcola y seta, ofreciendo a sus clientes productos de la m\u00e1s alta calidad combinados con excelente atenci\u00f3n y respaldo. No somos una corporaci\u00f3n sin&hellip;<\/p>\n","protected":false},"author":1,"featured_media":0,"parent":0,"menu_order":0,"comment_status":"open","ping_status":"open","template":"","meta":{"footnotes":""},"class_list":["post-379","page","type-page","status-publish","hentry"],"_links":{"self":[{"href":"https:\/\/thpeat.com\/es\/wp-json\/wp\/v2\/pages\/379","targetHints":{"allow":["GET"]}}],"collection":[{"href":"https:\/\/thpeat.com\/es\/wp-json\/wp\/v2\/pages"}],"about":[{"href":"https:\/\/thpeat.com\/es\/wp-json\/wp\/v2\/types\/page"}],"author":[{"embeddable":true,"href":"https:\/\/thpeat.com\/es\/wp-json\/wp\/v2\/users\/1"}],"replies":[{"embeddable":true,"href":"https:\/\/thpeat.com\/es\/wp-json\/wp\/v2\/comments?post=379"}],"version-history":[{"count":5,"href":"https:\/\/thpeat.com\/es\/wp-json\/wp\/v2\/pages\/379\/revisions"}],"predecessor-version":[{"id":1270,"href":"https:\/\/thpeat.com\/es\/wp-json\/wp\/v2\/pages\/379\/revisions\/1270"}],"wp:attachment":[{"href":"https:\/\/thpeat.com\/es\/wp-json\/wp\/v2\/media?parent=379"}],"curies":[{"name":"wp","href":"https:\/\/api.w.org\/{rel}","templated":true}]}}