{"id":160,"date":"2013-04-29T12:11:37","date_gmt":"2013-04-29T15:11:37","guid":{"rendered":"http:\/\/theriault-hachey.mightyhost.ca\/?page_id=160"},"modified":"2024-09-16T13:14:54","modified_gmt":"2024-09-16T16:14:54","slug":"musgo-de-turba","status":"publish","type":"page","link":"https:\/\/thpeat.com\/es\/musgo-de-turba\/","title":{"rendered":"musgo de turba"},"content":{"rendered":"\n\n\t<h4><em>En Theriault &amp; Hachey Peat Moss Ltd., ofrecemos una amplia variedad de grados de turba de sphagnum canadiense de alta calidad para todas sus necesidades de cultivo. Desde extra fino hasta extra grueso, usted encontrar\u00e1 un grado de turba dise\u00f1ado para cualquier etapa de plantaci\u00f3n y entorno de suelo.<\/em><\/h4>\n<p><img decoding=\"async\" src=\"https:\/\/thpeat.com\/wp-content\/uploads\/2013\/04\/harvestingpeatmoss.jpg\" alt=\"Peat Moss Harvesting\" \/><img decoding=\"async\" src=\"https:\/\/thpeat.com\/wp-content\/uploads\/2015\/07\/Sizes.jpg\" \/><\/p>\n<img loading=\"lazy\" decoding=\"async\" src=\"http:\/\/thpeat.com\/wp-content\/uploads\/2013\/04\/pdf_icon.png\" alt=\"PDF\" width=\"16\" height=\"16\" \/> <a href=\"https:\/\/thpeat.com\/wp-content\/uploads\/2024\/09\/Peat-Moss-composition-basic-5-grades.pdf\" target=\"_blank\" rel=\"noopener noreferrer\">Analytical Details of Professional Grades of Peat Moss<\/a><br \/>\n<img loading=\"lazy\" decoding=\"async\" src=\"http:\/\/thpeat.com\/wp-content\/uploads\/2013\/04\/pdf_icon.png\" alt=\"PDF\" width=\"16\" height=\"16\" \/> <a href=\"http:\/\/thpeat.com\/wp-content\/uploads\/2024\/09\/SDS-Black-peat.pdf\" target=\"_blank\" rel=\"noopener noreferrer\">Safety Data Sheet (SDS)<\/a>\n<p>&nbsp;<\/p>\n<strong>Turba de Grado Extra Fino<\/strong><br \/>\nLa turba de musgo de grado extra fino es ideal para lechos de pl\u00e1ntulas, medios para tapones e hidrosiembra, junto con otras aplicaciones en las que es esencial que no haya contaminaci\u00f3n de tallos ni ra\u00edces.\n<strong>Turba de Grado Fino<\/strong><br \/>\nLa turba de musgo de grado fino es ideal para la hidrosiembra, la construcci\u00f3n de campos de golf y los viveros, junto con otras aplicaciones en las que se necesita un tama\u00f1o granular uniforme y un bajo contenido de tallos.\n<strong>Turba de Grado Medio<\/strong><br \/>\nTurba de grado medio es la mejor soluc\u00edon para los administradores de viveros e invernaderos junto con otros horticultores profesionales que requieren un producto con peque\u00f1as cantidades de tallos y pepitas mientras mantienen una buena estructura de fibra para permitir una alta absorci\u00f3n de agua.\n<strong>Turba de Grado Grueso<\/strong><br \/>\nLa turba de grado grueso es ideal para la propagaci\u00f3n de plantas. Cuenta con una excelente porosidad llena de aire, lo que permite que las ra\u00edces crezcan y se expandan a su m\u00e1xima capacidad. Los cultivadores de hongos se inclinan por este grado por su estructura de fibra y sus propiedades de absorci\u00f3n de agua.\n<strong>Turba de Grado Extra Grueso<\/strong><br \/>\nLa turba de musgo de grado extra grueso tiene la mayor porosidad llena de aire para la aireaci\u00f3n, el drenaje y el desarrollo de ra\u00edces fuertes. Es excelente para plantas crecidas.\n\n","protected":false},"excerpt":{"rendered":"<p>En Theriault &amp; Hachey Peat Moss Ltd., ofrecemos una amplia variedad de grados de turba de sphagnum canadiense de alta calidad para todas sus necesidades de cultivo. Desde extra fino hasta extra grueso, usted encontrar\u00e1 un grado de turba dise\u00f1ado para cualquier etapa de plantaci\u00f3n y entorno de suelo. Analytical Details of Professional Grades of&hellip;<\/p>\n","protected":false},"author":1,"featured_media":0,"parent":0,"menu_order":0,"comment_status":"open","ping_status":"open","template":"","meta":{"footnotes":""},"class_list":["post-160","page","type-page","status-publish","hentry"],"_links":{"self":[{"href":"https:\/\/thpeat.com\/es\/wp-json\/wp\/v2\/pages\/160","targetHints":{"allow":["GET"]}}],"collection":[{"href":"https:\/\/thpeat.com\/es\/wp-json\/wp\/v2\/pages"}],"about":[{"href":"https:\/\/thpeat.com\/es\/wp-json\/wp\/v2\/types\/page"}],"author":[{"embeddable":true,"href":"https:\/\/thpeat.com\/es\/wp-json\/wp\/v2\/users\/1"}],"replies":[{"embeddable":true,"href":"https:\/\/thpeat.com\/es\/wp-json\/wp\/v2\/comments?post=160"}],"version-history":[{"count":10,"href":"https:\/\/thpeat.com\/es\/wp-json\/wp\/v2\/pages\/160\/revisions"}],"predecessor-version":[{"id":1729,"href":"https:\/\/thpeat.com\/es\/wp-json\/wp\/v2\/pages\/160\/revisions\/1729"}],"wp:attachment":[{"href":"https:\/\/thpeat.com\/es\/wp-json\/wp\/v2\/media?parent=160"}],"curies":[{"name":"wp","href":"https:\/\/api.w.org\/{rel}","templated":true}]}}