{"id":396,"date":"2013-05-07T15:47:29","date_gmt":"2013-05-07T18:47:29","guid":{"rendered":"http:\/\/theriault-hachey.mightyhost.ca\/?page_id=396"},"modified":"2019-09-25T18:27:10","modified_gmt":"2019-09-25T21:27:10","slug":"beinvenida","status":"publish","type":"page","link":"http:\/\/thpeat.com\/es\/","title":{"rendered":"Beinvenida"},"content":{"rendered":"\n\t\t\t<img decoding=\"async\" src=\"http:\/\/thpeat.com\/wp-content\/uploads\/2019\/09\/slide2.jpg\" alt=\"\" \/>\t\t\t\n\t\t\t<img decoding=\"async\" src=\"http:\/\/thpeat.com\/wp-content\/uploads\/2019\/09\/slide1.jpg\" alt=\"\" \/>\t\t\t\n\t\t\t<img decoding=\"async\" src=\"http:\/\/thpeat.com\/wp-content\/uploads\/2019\/09\/slide3.jpg\" alt=\"\" \/>\t\t\t\n\t\t\t<img decoding=\"async\" src=\"http:\/\/thpeat.com\/wp-content\/uploads\/2019\/09\/slide4.jpg\" alt=\"\" \/>\t\t\t\n<h1>\n\t\tTheriault &#038; Hachey Peat Moss Ltd.\n\t<\/h1>\n\t<strong>Musgo de turba (peat moss) de calidad Premium para su negocio de cultivo<\/strong><br \/>\nPor m\u00e1s de 40 a\u00f1os, Theriault &amp; Hachey Peatmoss Limited ha sido el proveedor preferido por las industrias hort\u00edcola y seta, ofreciendo a sus clientes productos de la m\u00e1s alta calidad combinados con excelente atenci\u00f3n y respaldo. No somos una corporaci\u00f3n sin rostro. Trabajamos directamente con usted para resolver todas sus necesidades.\n<strong>Mezclas personalizadas a base de turba para cultivo de plantas vigorosas<\/strong><br \/>\nAdem\u00e1s de producir mezclas regulares para cultivo con base de turba, utilizando la m\u00e1s alta calidad, Theriault &amp; Hachey Peatmoss Limited tambi\u00e9n fabrica mezcla de sustratos. Nuestra l\u00ednea de mezclas de avanzada tecnolog\u00eda, le proporcionar\u00e1 mezclas para cultivo \u00fanicas de acuerdo a sus necesidades de cosecha o planta espec\u00edfica; reduciendo su ciclo de crecimiento.\n\t[custom-facebook-feed]\n\t<iframe loading=\"lazy\" title=\"Interview with Jody Williston of Theriault &amp; Hachey Peat Moss -- Baie Sainte-Anne, NB\" width=\"500\" height=\"281\" src=\"https:\/\/www.youtube.com\/embed\/Ym0h50LbJyk?feature=oembed\" frameborder=\"0\" allow=\"accelerometer; autoplay; encrypted-media; gyroscope; picture-in-picture\" allowfullscreen><\/iframe>\n","protected":false},"excerpt":{"rendered":"<p>Theriault &#038; Hachey Peat Moss Ltd. Musgo de turba (peat moss) de calidad Premium para su negocio de cultivo Por m\u00e1s de 40 a\u00f1os, Theriault &amp; Hachey Peatmoss Limited ha sido el proveedor preferido por las industrias hort\u00edcola y seta, ofreciendo a sus clientes productos de la m\u00e1s alta calidad combinados con excelente atenci\u00f3n y&hellip;<\/p>\n","protected":false},"author":1,"featured_media":0,"parent":0,"menu_order":0,"comment_status":"closed","ping_status":"open","template":"","meta":{"footnotes":""},"class_list":["post-396","page","type-page","status-publish","hentry"],"_links":{"self":[{"href":"http:\/\/thpeat.com\/es\/wp-json\/wp\/v2\/pages\/396","targetHints":{"allow":["GET"]}}],"collection":[{"href":"http:\/\/thpeat.com\/es\/wp-json\/wp\/v2\/pages"}],"about":[{"href":"http:\/\/thpeat.com\/es\/wp-json\/wp\/v2\/types\/page"}],"author":[{"embeddable":true,"href":"http:\/\/thpeat.com\/es\/wp-json\/wp\/v2\/users\/1"}],"replies":[{"embeddable":true,"href":"http:\/\/thpeat.com\/es\/wp-json\/wp\/v2\/comments?post=396"}],"version-history":[{"count":3,"href":"http:\/\/thpeat.com\/es\/wp-json\/wp\/v2\/pages\/396\/revisions"}],"predecessor-version":[{"id":1239,"href":"http:\/\/thpeat.com\/es\/wp-json\/wp\/v2\/pages\/396\/revisions\/1239"}],"wp:attachment":[{"href":"http:\/\/thpeat.com\/es\/wp-json\/wp\/v2\/media?parent=396"}],"curies":[{"name":"wp","href":"https:\/\/api.w.org\/{rel}","templated":true}]}}